{"id":61521,"date":"2026-03-16T20:18:15","date_gmt":"2026-03-16T18:18:15","guid":{"rendered":"https:\/\/noble-society.net\/?post_type=product&#038;p=61521"},"modified":"2026-04-08T14:46:57","modified_gmt":"2026-04-08T11:46:57","slug":"cavaliere-di-boulogne","status":"publish","type":"product","link":"https:\/\/noble-society.net\/it\/buy-nobility-titles\/chevalier-de-boulogne\/","title":{"rendered":"Chevalier de Boulogne"},"content":{"rendered":"<section class=\"l-section wpb_row height_small\"><div class=\"l-section-h i-cf\"><div class=\"g-cols vc_row via_grid cols_1 laptops-cols_inherit tablets-cols_inherit mobiles-cols_1 valign_top type_default stacking_default\"><div class=\"wpb_column vc_column_container\"><div class=\"vc_column-inner\"><div class=\"wpb_text_column\"><div class=\"wpb_wrapper\"><p class=\"p1\"><b>Chevalier de Boulogne<\/b><b><\/b><\/p>\n<p class=\"p3\">Il titolo <span class=\"s1\"><b>Chevalier de Boulogne<\/b><\/span> unisce tradizione storica ed eleganza aristocratica francese. Il termine <i>Cavaliere<\/i>\u2014Francese per \u201ccavaliere\u201d\u2014ha origine nella tradizione cavalleresca medievale ed era ampiamente utilizzato in Francia per membri della bassa nobilt\u00e0 o individui che avevano ottenuto distinzione attraverso il servizio, in particolare in contesti militari o di corte. A differenza dei titoli ereditari superiori, <i>Cavaliere<\/i> spesso rifletteva onore, merito e distinzione personale piuttosto che il potere sovrano.<\/p>\n<p class=\"p3\">La designazione <i>di Boulogne<\/i> si riferisce alla storica regione e citt\u00e0 di Boulogne (in particolare Boulogne-sur-Mer, nel nord della Francia), un'importante fortezza costiera con una ricca storia risalente ai tempi romani. Boulogne serv\u00ec come porto strategico chiave, un collegamento tra Francia e Inghilterra, e svolse un ruolo significativo nel commercio medievale, nelle campagne militari e nell'amministrazione nobiliare. L'aggiunta di <i>di Boulogne<\/i> conferisce al titolo un'identit\u00e0 geografica e storica, collegandolo a una delle regioni pi\u00f9 note della Francia.<\/p>\n<p class=\"p3\">Storicamente, il nome \u201cde Boulogne\u201d \u00e8 stato associato anche a lignaggi nobili e figure di spicco. Una delle personalit\u00e0 storiche pi\u00f9 notevoli collegate a questo nome \u00e8 <span class=\"s1\"><b>Joseph Bologne, Chevalier de Saint-Georges (1745\u20131799)<\/b><\/span>\u2014un celebre compositore, virtuoso del violino e schermidore, spesso definito il \u201cMozart nero\u201d. Sebbene non sia direttamente legato a Boulogne-sur-Mer per titolo nello stesso modo, il suo nome riflette la pi\u00f9 ampia tradizione nobiliare francese di utilizzare identificatori geografici. La sua vita esemplifica come il titolo <i>Cavaliere<\/i> potrebbe essere associato a distinzione, cultura ed eccellenza piuttosto che a mera eredit\u00e0.<\/p>\n<p class=\"p3\">In qualit\u00e0 di detentore del titolo <span class=\"s1\"><b>Chevalier de Boulogne<\/b><\/span>, portate avanti questa tradizione di raffinatezza, cultura e individualit\u00e0. Il titolo evoca immagini di cavalleria, onore e un profondo legame con l'eredit\u00e0 francese, rendendolo sia storicamente significativo che unicamente elegante.<\/p>\n<p class=\"p3\">Insieme al tuo titolo, riceverai la documentazione completa per l'intera famiglia. Questa include certificati dal design accattivante che confermano il tuo titolo, oltre a uno stemma araldico gratuito fornito in un PDF di alta qualit\u00e0. Lo stemma pu\u00f2 essere personalizzato secondo le tue preferenze personali, ad esempio in termini di colori, simboli o elementi stilistici, permettendoti di creare un'identit\u00e0 araldica davvero individuale.<\/p>\n<p class=\"p3\">Tutti i documenti vengono consegnati insieme in un'elegante cartellina, rendendoli ideali per l'esposizione o come dono distinto. Inoltre, riceverai informazioni dettagliate che spiegano il corretto uso e la presentazione del tuo titolo, assicurandoti di poterlo portare con sicurezza e autenticit\u00e0 sia in contesti privati che pubblici.<\/p>\n<\/div><\/div><\/div><\/div><\/div><\/div><\/section>","protected":false},"excerpt":{"rendered":"<p class=\"p1\"><i>Cavaliere<\/i> (Cavaliere) \u00e8 il termine usato per indicare guerrieri pesantemente corazzati e montati a cavallo del Medioevo. Una classe socialmente distinta di combattenti montati a cavallo esisteva gi\u00e0 nell'antica Roma sotto la forma dei <i>Cavalieri<\/i>. Dal tardo Medioevo in poi, il termine si rifer\u00ec sempre pi\u00f9 a uno specifico titolo onorifico, che poteva essere concesso non solo ai membri della nobilt\u00e0 ma anche, in alcuni casi, a non nobili che si erano distinti.<\/p>","protected":false},"featured_media":55581,"template":"","meta":{"_acf_changed":false,"yasr_overall_rating":0,"yasr_post_is_review":"","yasr_auto_insert_disabled":"","yasr_review_type":"","slim_seo":{"title":"Chevalier de Boulogne - Acquista Titoli Nobiliari dal 1999","description":"Il Chevalier (Cavaliere) \u00e8 il termine usato per i guerrieri pesantemente corazzati e a cavallo del Medioevo. Una classe socialmente distinta di combattenti a cavallo esisteva gi\u00e0"}},"product_brand":[],"product_cat":[29],"product_tag":[36,80,79,77],"class_list":{"0":"post-61521","1":"product","2":"type-product","3":"status-publish","4":"has-post-thumbnail","6":"product_cat-french-noble-titles","7":"product_tag-adelstitel","8":"product_tag-boulogne","9":"product_tag-duc","10":"product_tag-frankreich","12":"first","13":"instock","14":"taxable","15":"shipping-taxable","16":"purchasable","17":"product-type-variable","18":"has-default-attributes"},"acf":[],"yasr_visitor_votes":{"stars_attributes":{"read_only":false,"span_bottom":false},"number_of_votes":0,"sum_votes":0},"_links":{"self":[{"href":"https:\/\/noble-society.net\/it\/wp-json\/wp\/v2\/product\/61521","targetHints":{"allow":["GET"]}}],"collection":[{"href":"https:\/\/noble-society.net\/it\/wp-json\/wp\/v2\/product"}],"about":[{"href":"https:\/\/noble-society.net\/it\/wp-json\/wp\/v2\/types\/product"}],"wp:featuredmedia":[{"embeddable":true,"href":"https:\/\/noble-society.net\/it\/wp-json\/wp\/v2\/media\/55581"}],"wp:attachment":[{"href":"https:\/\/noble-society.net\/it\/wp-json\/wp\/v2\/media?parent=61521"}],"wp:term":[{"taxonomy":"product_brand","embeddable":true,"href":"https:\/\/noble-society.net\/it\/wp-json\/wp\/v2\/product_brand?post=61521"},{"taxonomy":"product_cat","embeddable":true,"href":"https:\/\/noble-society.net\/it\/wp-json\/wp\/v2\/product_cat?post=61521"},{"taxonomy":"product_tag","embeddable":true,"href":"https:\/\/noble-society.net\/it\/wp-json\/wp\/v2\/product_tag?post=61521"}],"curies":[{"name":"wp","href":"https:\/\/api.w.org\/{rel}","templated":true}]}}