{"id":61522,"date":"2026-03-16T20:18:15","date_gmt":"2026-03-16T18:18:15","guid":{"rendered":"https:\/\/noble-society.net\/?post_type=product&#038;p=61522"},"modified":"2026-04-08T14:46:39","modified_gmt":"2026-04-08T11:46:39","slug":"marchese-di-borbone","status":"publish","type":"product","link":"https:\/\/noble-society.net\/it\/buy-nobility-titles\/marquis-de-bourbon\/","title":{"rendered":"Marquis de Bourbon"},"content":{"rendered":"<section class=\"l-section wpb_row height_small\"><div class=\"l-section-h i-cf\"><div class=\"g-cols vc_row via_grid cols_1 laptops-cols_inherit tablets-cols_inherit mobiles-cols_1 valign_top type_default stacking_default\"><div class=\"wpb_column vc_column_container\"><div class=\"vc_column-inner\"><div class=\"wpb_text_column\"><div class=\"wpb_wrapper\"><p class=\"p1\"><b>Marchese<\/b><b><\/b><\/p>\n<p class=\"p3\">Per adempiere ai loro compiti, i margravi ricevevano dal re o dall'imperatore territori di confine direttamente come feudi. Rispetto ai conti ordinari, i margravi detenevano poteri estesi: comandavano la leva militare (<i>Convocazione alle armi<\/i>) e esercitavano l'alta giurisdizione. Erano autorizzati a costruire fortificazioni e potevano contare su un numero maggiore di vassalli franchi. Questi privilegi conferivano loro una notevole indipendenza e autorit\u00e0 come governanti di importanti regioni di confine, spesso paragonabile a quella dei grandi duchi tribali. In tutto il regno franco, capaci contadini venivano incoraggiati a stabilirsi in queste aree di frontiera, consentendo ai margravi di alcune regioni di raccogliere forze considerevoli a proprio vantaggio. Esercitavano un'alta autorit\u00e0 giudiziaria senza richiedere un'autorizzazione separata dal re, rendendoli figure chiave nel mantenimento dell'ordine e della difesa lungo i confini.<\/p>\n<p class=\"p1\"><b>La Casa di Borbone<\/b><b><\/b><\/p>\n<p class=\"p3\">La Casa di Borbone \u00e8 un ramo cadetto della dinastia reale francese dei Capetingi, discendente dal figlio pi\u00f9 giovane del re Luigi IX di Francia (San Luigi). In ultima analisi, Ugo Capeto, il fondatore della linea Capetingia, \u00e8 anche l'antenato dei Borbone. Questa discendenza si riflett\u00e9 durante la Rivoluzione francese, quando il re Luigi XVI fu appellato davanti alla Convenzione Nazionale nel 1792 con il nome civile \u201cLuigi Capeto\u201d.\u201d<\/p>\n<p class=\"p3\">Oggi, i Borbone sono gli ultimi discendenti ancora in vita in linea maschile della dinastia Capetingia. Tra questi figurano la linea spagnola Borbone-Angi\u00f2, con i suoi rami Borbone-Sicilia e Borbone-Parma, nonch\u00e9 la linea Borbone-Orl\u00e9ans con il suo ramo brasiliano, la Casa d\u2019Orl\u00e9ans-Braganza. I Borbone sono considerati la pi\u00f9 antica dinastia regnante ancora esistente in Europa, poich\u00e9 tutti gli altri rami capetingi \u2014 come la Casa di Valois, la Casa di Artois o la Casa di \u00c9vreux \u2014 si sono estinti in linea maschile. L\u2019ex casa reale portoghese dei Braganza discende anch\u2019essa dai Capetingi, sebbene attraverso un ramo illegittimo dell\u2019antica Casa di Borgogna.<\/p>\n<p class=\"p1\"><b>Bourbon-l\u2019Archambault<\/b><b><\/b><\/p>\n<p class=\"p3\">Il nome della dinastia deriva dal castello di Borbone (Bourbon-l'Archambault), risalente all'epoca carolingia. Durante l'Alto Medioevo, questo castello fu la sede di una nobile famiglia che stabil\u00ec il proprio dominio sulla regione circostante. Il territorio che si svilupp\u00f2 da questo, noto come Borbonese, pass\u00f2 in eredit\u00e0 a Beatrice di Borgogna. Beatrice, a sua volta membro della Casa Capetingia di Borgogna, spos\u00f2 il principe Roberto nel 1272, portando cos\u00ec il Borbonese in suo possesso.<\/p>\n<p class=\"p3\">Il nome stesso della famiglia deriv\u00f2 da una transazione del loro figlio, Luigi di Clermont. Nel 1327, egli scambi\u00f2 la sua eredit\u00e0 paterna, la contea di Clermont, con il re Carlo IV \u201cil Bello\u201d per la contea de La Marche. In quell'occasione, il re elev\u00f2 la Signoria di Borbone a ducato e le concesse la dignit\u00e0 ereditaria di paria (<i>pari<\/i>. All'epoca, si trattava di uno sviluppo unico, poich\u00e9 in precedenza in Francia esistevano solo i tradizionali ducati basati su regioni etniche. Il Bourbonnais divenne cos\u00ec il possedimento principale del duca Luigi I e dei suoi discendenti, che da allora adottarono il nome \u201cde Bourbon\u201d.\u201d<\/p>\n<\/div><\/div><\/div><\/div><\/div><\/div><\/section>","protected":false},"excerpt":{"rendered":"<p class=\"p1\">le forme corrette di indirizzo per questo titolo includono <i>Sua Altezza<\/i>, <i>Serenissima Altezza<\/i>, e <i>Illustrissima Altezza<\/i>, che riflette il prestigio e l'eleganza associati al rango nobiliare. Il titolo maschile \u00e8 <span class=\"s1\"><b>Marchese<\/b><\/span>, mentre l'equivalente femminile \u00e8 <span class=\"s1\"><b>Marchesa<\/b><\/span>. All'interno della famiglia, il figlio porta allo stesso modo il titolo <span class=\"s1\"><b>Marchese<\/b><\/span>, e la figlia \u00e8 chiamata <span class=\"s1\"><b>Marchesa<\/b><\/span>, mantenendo la nobile designazione attraverso le generazioni. La pronuncia segue lo stile tradizionale francese, conferendo ai titoli il loro suono distintivo e raffinato.<\/p>","protected":false},"featured_media":55582,"template":"","meta":{"_acf_changed":false,"yasr_overall_rating":0,"yasr_post_is_review":"","yasr_auto_insert_disabled":"","yasr_review_type":"","slim_seo":{"title":"Marquis de Bourbon - Acquista Nobili Titoli dal 1999","description":"Le forme di cortesia corrette per questo titolo includono (Sua) Maest\u00e0, Serenissima e Illustrissima, a riflettere il prestigio e l'eleganza associati"}},"product_brand":[],"product_cat":[29],"product_tag":[83,82,81],"class_list":{"0":"post-61522","1":"product","2":"type-product","3":"status-publish","4":"has-post-thumbnail","6":"product_cat-french-noble-titles","7":"product_tag-bourbon","8":"product_tag-marchioness","9":"product_tag-marquis","11":"first","12":"instock","13":"taxable","14":"shipping-taxable","15":"purchasable","16":"product-type-variable","17":"has-default-attributes"},"acf":[],"yasr_visitor_votes":{"stars_attributes":{"read_only":false,"span_bottom":false},"number_of_votes":0,"sum_votes":0},"_links":{"self":[{"href":"https:\/\/noble-society.net\/it\/wp-json\/wp\/v2\/product\/61522","targetHints":{"allow":["GET"]}}],"collection":[{"href":"https:\/\/noble-society.net\/it\/wp-json\/wp\/v2\/product"}],"about":[{"href":"https:\/\/noble-society.net\/it\/wp-json\/wp\/v2\/types\/product"}],"wp:featuredmedia":[{"embeddable":true,"href":"https:\/\/noble-society.net\/it\/wp-json\/wp\/v2\/media\/55582"}],"wp:attachment":[{"href":"https:\/\/noble-society.net\/it\/wp-json\/wp\/v2\/media?parent=61522"}],"wp:term":[{"taxonomy":"product_brand","embeddable":true,"href":"https:\/\/noble-society.net\/it\/wp-json\/wp\/v2\/product_brand?post=61522"},{"taxonomy":"product_cat","embeddable":true,"href":"https:\/\/noble-society.net\/it\/wp-json\/wp\/v2\/product_cat?post=61522"},{"taxonomy":"product_tag","embeddable":true,"href":"https:\/\/noble-society.net\/it\/wp-json\/wp\/v2\/product_tag?post=61522"}],"curies":[{"name":"wp","href":"https:\/\/api.w.org\/{rel}","templated":true}]}}