{"id":61523,"date":"2026-03-16T20:18:15","date_gmt":"2026-03-16T18:18:15","guid":{"rendered":"https:\/\/noble-society.net\/?post_type=product&#038;p=61523"},"modified":"2026-03-31T19:15:36","modified_gmt":"2026-03-31T16:15:36","slug":"cavaliere-dellordine-di-minerva","status":"publish","type":"product","link":"https:\/\/noble-society.net\/it\/buy-nobility-titles\/knight-of-the-order-of-minerva\/","title":{"rendered":"Cavaliere dell'Ordine di Minerva,"},"content":{"rendered":"<section class=\"l-section wpb_row height_small\"><div class=\"l-section-h i-cf\"><div class=\"g-cols vc_row via_grid cols_1 laptops-cols_inherit tablets-cols_inherit mobiles-cols_1 valign_top type_default stacking_default\"><div class=\"wpb_column vc_column_container\"><div class=\"vc_column-inner\"><div class=\"wpb_text_column\"><div class=\"wpb_wrapper\"><p class=\"p1\">Come <strong>Cavaliere dell'Ordine di Minerva,<\/strong> si riceve un nome d'ordine ufficiale che si pu\u00f2 portare pubblicamente da quel momento in poi. Questo nome d'ordine pu\u00f2 essere utilizzato in tutte le occasioni desiderate: sui propri biglietti da visita, carta intestata, targhette o anche quando si firmano contratti. In determinate condizioni, \u00e8 anche possibile far inserire il proprio nome cavalleresco nei documenti d'identit\u00e0 ufficiali. Il nome d'ordine \u00e8 liberamente selezionabile: pu\u00f2 semplicemente consistere nel proprio nome con il titolo \u201cCavaliere\u201d aggiunto davanti, ad esempio \u201cCavaliere Peter Meyer\u201d, oppure si pu\u00f2 scegliere un nome pi\u00f9 creativo come \u201cCavaliere Peter di Holstein\u201d. Non ci sono limiti alla vostra immaginazione nella scelta del nome, permettendovi di creare un'identit\u00e0 veramente unica.<\/p>\n<p class=\"p1\">Scegliendo di aderire all'Ordine di Minerva come Cavaliere, non si assumono obblighi continuativi. Non ci sono quote di iscrizione n\u00e9 costi ricorrenti di alcun tipo, permettendovi di godere del vostro titolo liberamente e senza impegno.<\/p>\n<p class=\"p1\">Storicamente, i cavalieri appartenevano a una classe rispettata della bassa nobilt\u00e0 ed erano considerati eroi. Il concetto di cavalleria ebbe origine nell'Europa occidentale, in particolare in Francia, prima di diffondersi in Germania e oltre. Gli ideali di un cavaliere includevano disciplina, moderazione, lealt\u00e0 e onore in tutti gli aspetti della vita. I cavalieri erano strettamente associati alle corti reali, che diedero anche origine alla tradizione dell'amor cortese, nota come <i>Minne<\/i>. Gran parte di questo mondo cavalleresco \u00e8 stato preservato attraverso la poesia e i canti medievali. Ci si aspettava che un cavaliere rimanesse leale al suo signore, proteggesse vedove, orfani e i vulnerabili, e vivesse secondo forti valori morali e spesso cristiani. La loro vita quotidiana comportava un addestramento continuo con le armi e la preparazione per la battaglia.<\/p>\n<p class=\"p1\">Nel tempo, la cavalleria divenne sempre pi\u00f9 formalizzata. Verso la fine del Medioevo, solo coloro di comprovata nobilt\u00e0 potevano essere nominati cavalieri. Gli uomini venivano formalmente elevati al rango di cavaliere da un sovrano nobile di alto rango, una tradizione che ancora oggi esiste in forma modificata. Ad esempio, Elton John fu nominato cavaliere celibe (Knight Bachelor) dalla regina Elisabetta II nel 1998. In Germania esistono ancora ordini cavallereschi storici, come l'Ordine di Malta cattolico romano e l'Ordine di San Giovanni. Un altro ordine all'interno di questa tradizione \u00e8 l'Ordine di Minerva.<\/p>\n<p class=\"p1\">Il nome dell'Ordine di Minerva si riferisce alla dea romana Minerva, originariamente considerata la protettrice degli artigiani e dei mestieri. Successivamente, fu associata alla dea greca Atena, diventando la patrona di poeti, insegnanti e studiosi. Col tempo, Minerva venne a simboleggiare la saggezza, l'arte e la custodia della conoscenza. L'Ordine di Minerva \u00e8 una comunit\u00e0 non religiosa i cui membri perseguono la conoscenza e la saggezza sotto la sua guida simbolica. Ci\u00f2 che rende unico questo ordine \u00e8 che chiunque pu\u00f2 adottare il titolo di Cavaliere e far parte di questa tradizione. Le donne, pur non essendo formalmente intitolate \u201cCavalieri\u201d, sono tradizionalmente chiamate \u201cDame\u201d nello spirito degli ordini cavallereschi medievali.<\/p>\n<\/div><\/div><\/div><\/div><\/div><\/div><\/section>","protected":false},"excerpt":{"rendered":"<p class=\"p1\">Diventa un Cavaliere dell'Ordine di Minerva e unisciti a una illustre comunit\u00e0 dedita alla conoscenza, al carattere e ai valori senza tempo. Come Cavaliere, porti un titolo prestigioso che riflette individualit\u00e0, dignit\u00e0 e un legame con una tradizione ispirata alla saggezza e all'eccellenza personale.<\/p>\n<p class=\"p1\">La tua adesione \u00e8 concessa a vita e non comporta ulteriori costi o obblighi, permettendoti di godere del tuo titolo liberamente e senza impegno. Riceverai un magnifico certificato di nomina a Cavaliere, dal design elegante e storico, nonch\u00e9 un'esclusiva tessera identificativa in argento con il tuo nome, il tuo titolo e il tuo stemma araldico. Insieme, questi elementi formano un set di alta qualit\u00e0 e di grande effetto che rappresenta perfettamente il tuo nuovo status e ti consente di presentare il tuo titolo con orgoglio e distinzione.<\/p>","protected":false},"featured_media":55707,"template":"","meta":{"_acf_changed":false,"yasr_overall_rating":0,"yasr_post_is_review":"","yasr_auto_insert_disabled":"","yasr_review_type":"","slim_seo":{"title":"Knight of the Order of Minerva, - Buy Noble Titles Since 1999","description":"Diventa un Cavaliere dell'Ordine di Minerva e unisciti a una comunit\u00e0 illustre dedita alla conoscenza, al carattere e ai valori senza tempo. Come Cavaliere, porti un prezioso"}},"product_brand":[],"product_cat":[31],"product_tag":[88,89,90,91],"class_list":{"0":"post-61523","1":"product","2":"type-product","3":"status-publish","4":"has-post-thumbnail","6":"product_cat-order-of-minerva","7":"product_tag-dame","8":"product_tag-dame-titel","9":"product_tag-ritter","10":"product_tag-rittertitel","12":"first","13":"instock","14":"taxable","15":"shipping-taxable","16":"purchasable","17":"product-type-variable","18":"has-default-attributes"},"acf":[],"yasr_visitor_votes":{"stars_attributes":{"read_only":false,"span_bottom":false},"number_of_votes":0,"sum_votes":0},"_links":{"self":[{"href":"https:\/\/noble-society.net\/it\/wp-json\/wp\/v2\/product\/61523","targetHints":{"allow":["GET"]}}],"collection":[{"href":"https:\/\/noble-society.net\/it\/wp-json\/wp\/v2\/product"}],"about":[{"href":"https:\/\/noble-society.net\/it\/wp-json\/wp\/v2\/types\/product"}],"wp:featuredmedia":[{"embeddable":true,"href":"https:\/\/noble-society.net\/it\/wp-json\/wp\/v2\/media\/55707"}],"wp:attachment":[{"href":"https:\/\/noble-society.net\/it\/wp-json\/wp\/v2\/media?parent=61523"}],"wp:term":[{"taxonomy":"product_brand","embeddable":true,"href":"https:\/\/noble-society.net\/it\/wp-json\/wp\/v2\/product_brand?post=61523"},{"taxonomy":"product_cat","embeddable":true,"href":"https:\/\/noble-society.net\/it\/wp-json\/wp\/v2\/product_cat?post=61523"},{"taxonomy":"product_tag","embeddable":true,"href":"https:\/\/noble-society.net\/it\/wp-json\/wp\/v2\/product_tag?post=61523"}],"curies":[{"name":"wp","href":"https:\/\/api.w.org\/{rel}","templated":true}]}}