{"id":61524,"date":"2026-03-16T20:18:15","date_gmt":"2026-03-16T18:18:15","guid":{"rendered":"https:\/\/noble-society.net\/?post_type=product&#038;p=61524"},"modified":"2026-04-08T14:45:16","modified_gmt":"2026-04-08T11:45:16","slug":"console-dellordine-di-minerva","status":"publish","type":"product","link":"https:\/\/noble-society.net\/it\/buy-nobility-titles\/consul-of-the-order-of-minerva\/","title":{"rendered":"Console dell'Ordine di Minerva"},"content":{"rendered":"<section class=\"l-section wpb_row height_small\"><div class=\"l-section-h i-cf\"><div class=\"g-cols vc_row via_grid cols_1 laptops-cols_inherit tablets-cols_inherit mobiles-cols_1 valign_top type_default stacking_default\"><div class=\"wpb_column vc_column_container\"><div class=\"vc_column-inner\"><div class=\"wpb_text_column\"><div class=\"wpb_wrapper\"><p class=\"p1\"><b>Che cosa riceverai?<\/b><b><\/b><\/p>\n<p class=\"p3\">Innanzitutto, diventi membro dell'Ordine di Minerva e d'ora in poi hai il diritto di utilizzare il tuo nome dell'ordine. Sia su carta intestata, biglietti da visita, o anche una targhetta a casa tua, il titolo di Console pu\u00f2 essere utilizzato come parte della tua designazione ufficiale. Come Console, sei anche autorizzato ad ammettere nuovi membri all'Ordine. Puoi determinare e riscuotere la quota di ammissione a tua discrezione. Successivamente, ci sottoponi i dettagli del nuovo membro e noi ti forniremo i documenti ufficiali e il certificato di nomina. Per ogni nuovo membro, ti verr\u00e0 addebitata una tantum una commissione amministrativa di $25. Come Console, ci si aspetta che tu ammetta solo individui che si identificano con i principi dell'Ordine. Si prega di notare che il titolo \u201cConsole\u201d pu\u00f2 essere utilizzato solo in connessione con l'Ordine. Usarlo in modo errato, come \u201cConsole Peter Meyer\u201d, non \u00e8 consentito e potrebbe persino avere implicazioni legali. La forma corretta e completa \u00e8:<\/p>\n<p class=\"p1\"><b>Peter Meyer \u2013 Console dell'Ordine di Minerva<\/b><b><\/b><\/p>\n<p class=\"p3\">Come Console, riceverai il diritto di ammettere nuovi membri, una tessera dorata esclusiva con il tuo nome, titolo e stemma, nonch\u00e9 un timbro personalizzato recante il tuo nome, titolo e stemma.<\/p>\n<p class=\"p3\">Il termine \u201cConsole\u201d deriva dall'antica Roma, dove era il titolo del funzionario statale di rango pi\u00f9 elevato. Un console agiva sia come consigliere che come rappresentante, servendo il suo stato attraverso consulenza, diplomazia e la coltivazione delle relazioni. In questo senso, un Console \u00e8 un ambasciatore che rappresenta e promuove il suo stato - o in questo caso, l'Ordine - attraverso azioni ponderate e sagge.<\/p>\n<p class=\"p3\">L'antica dea Minerva, figura guida dell'Ordine, era originariamente la divinit\u00e0 protettrice del popolo, degli artigiani e dei marinai. Dopo essere stata associata alla dea greca Atena, divenne anche protettrice delle arti e degli studiosi. Incarna l'ideale di dignit\u00e0 e saggezza con cui siete invitati a portare questo prestigioso titolo.<\/p>\n<p class=\"p3\">Diventare membro \u00e8 semplice: dopo aver inserito il tuo nome \u2014 o il nome della persona che ricever\u00e0 il certificato in dono \u2014 scegli un nome d'ordine che desideri portare. Questo pu\u00f2 essere il tuo nome reale o qualsiasi nome creativo a tua scelta. Con questo passaggio, diventi membro dell'Ordine di Minerva.<\/p>\n<p class=\"p3\">\u00c8 importante sapere che la tua adesione non comporta alcun obbligo o costo continuativo. Non ci sono quote associative ricorrenti, riunioni obbligatorie o requisiti da soddisfare. Sei libero di rimanere un membro passivo e goderti semplicemente il tuo titolo onorifico. Va inoltre notato che non si tratta di un titolo accademico; tuttavia, puoi utilizzarlo ufficialmente su carta intestata, biglietti da visita e persino come nome d'ordine nei documenti di identit\u00e0.<\/p>\n<p class=\"p3\">Il tuo certificato di nomina di alta qualit\u00e0 ti verr\u00e0 consegnato gi\u00e0 incorniciato. Gli statuti e i regolamenti dell'Ordine sono forniti in una cartellina di presentazione separata. Inoltre, riceverai 50 biglietti da visita con il nome del tuo ordine e il tuo stemma, che ti permetteranno di utilizzare subito il tuo nuovo titolo. A determinate condizioni, \u00e8 anche possibile far registrare il tuo titolo nei tuoi documenti d'identit\u00e0. Ti forniremo informazioni dettagliate su come organizzare tutto ci\u00f2.<\/p>\n<\/div><\/div><\/div><\/div><\/div><\/div><\/section>","protected":false},"excerpt":{"rendered":"<p class=\"p1\">Diventa un Console dell'Ordine di Minerva e assumi uno dei ruoli pi\u00f9 illustri all'interno di questa onorevole comunit\u00e0 dedicata alla conoscenza, ai valori e all'eccellenza personale. In qualit\u00e0 di Console, non solo porti un titolo prestigioso, ma rappresenti anche i principi dell'Ordine e godi del privilegio unico di ammettere nuovi membri, plasmando e ampliando attivamente questo circolo esclusivo.<\/p>\n<p class=\"p1\">La tua iscrizione include un magnifico certificato di nomina che conferma il tuo status di Console, presentato in inglese e dallo stile elegante e storico. Inoltre, riceverai una tessera d'identit\u00e0 dorata premium con il tuo nome, titolo e stemma, oltre a un timbro personalizzato con gli stessi dettagli. Insieme, questi elementi creano un pacchetto impressionante e di alta qualit\u00e0 che riflette la tua posizione elevata e ti permette di presentare il tuo titolo con distinzione e orgoglio.<\/p>","protected":false},"featured_media":55706,"template":"","meta":{"_acf_changed":false,"yasr_overall_rating":0,"yasr_post_is_review":"","yasr_auto_insert_disabled":"","yasr_review_type":"","slim_seo":{"title":"Console dell'Ordine di Minerva - Acquista Titoli Nobiliari dal 1999","description":"Diventa Console dell'Ordine di Minerva e assumi uno dei ruoli pi\u00f9 illustri all'interno di questa onorevole comunit\u00e0 dedicata alla conoscenza, ai valori e alla perseveranza."}},"product_brand":[],"product_cat":[31],"product_tag":[93,94,92],"class_list":{"0":"post-61524","1":"product","2":"type-product","3":"status-publish","4":"has-post-thumbnail","6":"product_cat-order-of-minerva","7":"product_tag-konsul","8":"product_tag-konsultitel","9":"product_tag-minerva","11":"first","12":"instock","13":"taxable","14":"shipping-taxable","15":"purchasable","16":"product-type-variable","17":"has-default-attributes"},"acf":[],"yasr_visitor_votes":{"stars_attributes":{"read_only":false,"span_bottom":false},"number_of_votes":0,"sum_votes":0},"_links":{"self":[{"href":"https:\/\/noble-society.net\/it\/wp-json\/wp\/v2\/product\/61524","targetHints":{"allow":["GET"]}}],"collection":[{"href":"https:\/\/noble-society.net\/it\/wp-json\/wp\/v2\/product"}],"about":[{"href":"https:\/\/noble-society.net\/it\/wp-json\/wp\/v2\/types\/product"}],"wp:featuredmedia":[{"embeddable":true,"href":"https:\/\/noble-society.net\/it\/wp-json\/wp\/v2\/media\/55706"}],"wp:attachment":[{"href":"https:\/\/noble-society.net\/it\/wp-json\/wp\/v2\/media?parent=61524"}],"wp:term":[{"taxonomy":"product_brand","embeddable":true,"href":"https:\/\/noble-society.net\/it\/wp-json\/wp\/v2\/product_brand?post=61524"},{"taxonomy":"product_cat","embeddable":true,"href":"https:\/\/noble-society.net\/it\/wp-json\/wp\/v2\/product_cat?post=61524"},{"taxonomy":"product_tag","embeddable":true,"href":"https:\/\/noble-society.net\/it\/wp-json\/wp\/v2\/product_tag?post=61524"}],"curies":[{"name":"wp","href":"https:\/\/api.w.org\/{rel}","templated":true}]}}