{"id":61525,"date":"2026-03-16T20:18:15","date_gmt":"2026-03-16T18:18:15","guid":{"rendered":"https:\/\/noble-society.net\/?post_type=product&#038;p=61525"},"modified":"2026-04-08T14:44:54","modified_gmt":"2026-04-08T11:44:54","slug":"senatore-ordine-di-minerva","status":"publish","type":"product","link":"https:\/\/noble-society.net\/it\/buy-nobility-titles\/senator-order-of-minerva\/","title":{"rendered":"Senatore Ordine di Minerva"},"content":{"rendered":"<section class=\"l-section wpb_row height_small\"><div class=\"l-section-h i-cf\"><div class=\"g-cols vc_row via_grid cols_1 laptops-cols_inherit tablets-cols_inherit mobiles-cols_1 valign_top type_default stacking_default\"><div class=\"wpb_column vc_column_container\"><div class=\"vc_column-inner\"><div class=\"wpb_text_column\"><div class=\"wpb_wrapper\"><p class=\"p1\"><b>Quali privilegi si godono in qualit\u00e0 di Senatore o Dama dell'Ordine di Minerva?<\/b><b><\/b><\/p>\n<p class=\"p3\">Innanzitutto, ricevendo il titolo di Senatore, entri a far parte dell'Ordine di Minerva e hai diritto a utilizzare ufficialmente il tuo nome d'ordine. Sia su carta intestata, biglietti da visita o anche una targhetta a casa tua, il titolo di Senatore pu\u00f2 essere utilizzato come parte del tuo nome ufficiale. \u00c8 anche possibile, in alcuni casi, registrare il nome d'ordine nei documenti d'identit\u00e0 o in altre carte ufficiali. Tuttavia, il nome d'ordine deve essere sempre utilizzato in connessione con l'Ordine. Ad esempio, \u201cSenatore Peter Meyer\u201d da solo non \u00e8 consentito e potrebbe persino essere legalmente problematico. Si prega di utilizzare sempre il proprio titolo nella forma corretta:<\/p>\n<p class=\"p1\"><b>Peter Meyer \u2013 Senatore dell\u2019Ordine di Minerva<\/b><b><\/b><\/p>\n<p class=\"p1\"><b>Come viene concesso il titolo di Senatore nell'Ordine di Minerva?<\/b><b><\/b><\/p>\n<p class=\"p3\">Innanzitutto, scegli il nome desiderato per il tuo ordine. Puoi semplicemente usare il tuo nome attuale, con l'aggiunta del titolo \u201cSenatore\u201d, oppure puoi creare un nome d'ordine unico e personalizzato. Una volta selezionato, riceverai un certificato di nomina splendidamente disegnato in stile storico, insieme a informazioni dettagliate sull'Ordine di Minerva e sul titolo di Senatore come nome d'ordine. Potrebbe anche essere possibile far inserire il nome del tuo ordine nei documenti di identit\u00e0 ufficiali, sebbene ci\u00f2 non possa essere garantito, poich\u00e9 non esiste alcun diritto legale a tale registrazione.<\/p>\n<p class=\"p3\">Dovresti inserire il tuo vero nome \u2014 o il nome della persona a cui desideri regalare il titolo \u2014 nel campo designato, insieme al nome dell'ordine scelto. Entrambi i nomi appariranno quindi sul certificato ufficiale.<\/p>\n<p class=\"p1\"><b>Cos'\u00e8 un senatore?<\/b><b><\/b><\/p>\n<p class=\"p3\">Storicamente, il Senato nel Sacro Romano Impero serviva come un alto consiglio consultivo, i cui membri erano noti come Senatori. Il loro ruolo ufficiale era consigliare il sovrano, sebbene sia ampiamente riconosciuto che il Senato spesso funzionasse come una struttura di potere centrale all'interno dell'impero. I Senatori erano tipicamente di origine nobile, sebbene anche alcuni cittadini comuni potessero ricoprire posizioni, solitamente in ruoli di rango inferiore all'interno del Senato.<\/p>\n<\/div><\/div><\/div><\/div><\/div><\/div><\/section>","protected":false},"excerpt":{"rendered":"<p class=\"p1\">Diventa Senatore o Senatrice all'interno dell'Ordine di Minerva e prendi il tuo posto in una comunit\u00e0 distinta e onorevole dedicata alla conoscenza, ai valori e all'eccellenza personale. Come membro dell'Ordine di Minerva, porterai un titolo prestigioso che riflette istruzione, carattere e individualit\u00e0, permettendoti di presentarti in un modo veramente unico e distintivo.<\/p>\n<p class=\"p1\">La tua iscrizione include un magnifico certificato di nomina a Senatore, dal design elegante e storico, oltre a un'esclusiva tessera d'identit\u00e0 dorata con il tuo nome, titolo e stemma. Insieme, questi elementi formano un set di alta qualit\u00e0 e di grande effetto che rappresenta perfettamente il tuo nuovo status e rende la tua appartenenza all'Ordine di Minerva sia visibile che memorabile.<\/p>","protected":false},"featured_media":55708,"template":"","meta":{"_acf_changed":false,"yasr_overall_rating":0,"yasr_post_is_review":"","yasr_auto_insert_disabled":"","yasr_review_type":"","slim_seo":{"title":"Senatore Ordine di Minerva - Acquista Titoli Nobiliari dal 1999","description":"Diventa Senatore o Senatrice all'interno dell'Ordine di Minerva e prendi il tuo posto in una comunit\u00e0 distinta e onorevole dedicata alla conoscenza, ai valori e alla persona"}},"product_brand":[],"product_cat":[31],"product_tag":[92,95,96,97],"class_list":{"0":"post-61525","1":"product","2":"type-product","3":"status-publish","4":"has-post-thumbnail","6":"product_cat-order-of-minerva","7":"product_tag-minerva","8":"product_tag-orden","9":"product_tag-senator","10":"product_tag-senatorin","12":"first","13":"instock","14":"taxable","15":"shipping-taxable","16":"purchasable","17":"product-type-variable","18":"has-default-attributes"},"acf":[],"yasr_visitor_votes":{"stars_attributes":{"read_only":false,"span_bottom":false},"number_of_votes":0,"sum_votes":0},"_links":{"self":[{"href":"https:\/\/noble-society.net\/it\/wp-json\/wp\/v2\/product\/61525","targetHints":{"allow":["GET"]}}],"collection":[{"href":"https:\/\/noble-society.net\/it\/wp-json\/wp\/v2\/product"}],"about":[{"href":"https:\/\/noble-society.net\/it\/wp-json\/wp\/v2\/types\/product"}],"wp:featuredmedia":[{"embeddable":true,"href":"https:\/\/noble-society.net\/it\/wp-json\/wp\/v2\/media\/55708"}],"wp:attachment":[{"href":"https:\/\/noble-society.net\/it\/wp-json\/wp\/v2\/media?parent=61525"}],"wp:term":[{"taxonomy":"product_brand","embeddable":true,"href":"https:\/\/noble-society.net\/it\/wp-json\/wp\/v2\/product_brand?post=61525"},{"taxonomy":"product_cat","embeddable":true,"href":"https:\/\/noble-society.net\/it\/wp-json\/wp\/v2\/product_cat?post=61525"},{"taxonomy":"product_tag","embeddable":true,"href":"https:\/\/noble-society.net\/it\/wp-json\/wp\/v2\/product_tag?post=61525"}],"curies":[{"name":"wp","href":"https:\/\/api.w.org\/{rel}","templated":true}]}}