{"id":61547,"date":"2026-03-16T20:18:37","date_gmt":"2026-03-16T18:18:37","guid":{"rendered":"https:\/\/noble-society.net\/?post_type=product&#038;p=61547"},"modified":"2026-04-08T14:41:10","modified_gmt":"2026-04-08T11:41:10","slug":"conte-spinola","status":"publish","type":"product","link":"https:\/\/noble-society.net\/it\/buy-nobility-titles\/conte-de-spinola\/","title":{"rendered":"Conte de Spinola"},"content":{"rendered":"<section class=\"l-section wpb_row height_small\"><div class=\"l-section-h i-cf\"><div class=\"g-cols vc_row via_grid cols_1 laptops-cols_inherit tablets-cols_inherit mobiles-cols_1 valign_top type_default stacking_default\"><div class=\"wpb_column vc_column_container\"><div class=\"vc_column-inner\"><div class=\"wpb_text_column\"><div class=\"wpb_wrapper\"><p class=\"p1\">Spinola \u00e8 il nome di una delle pi\u00f9 illustri e influenti famiglie nobili di Genova, che ha svolto un ruolo centrale nella storia politica, economica e militare della Repubblica. Essendo una delle principali dinastie dell'aristocrazia genovese, la famiglia Spinola apparteneva al potente gruppo di case nobiliari che hanno plasmato la governance della repubblica marittima per secoli. A met\u00e0 del XVIII secolo, possedevano diversi titoli ducali, tra cui San Pierro, Sant'Angelo, Sesto, San Severino e Los Balbazes, a testimonianza sia della loro ricchezza che della loro vasta influenza in diverse regioni.<\/p>\n<p class=\"p1\">Il membro pi\u00f9 antico conosciuto della famiglia fu Guido Spinola, un cavaliere che partecip\u00f2 alle Crociate e serv\u00ec pi\u00f9 volte come Console di Genova tra il 1102 e il 1121. Il suo ruolo preminente illustra la precoce ascesa della famiglia all'interno dell'\u00e9lite politica della citt\u00e0. I suoi figli, Ansaldo e Oberto, divennero i fondatori dei due rami principali della famiglia, noti come Luccoli e San Luca. Questi rami avrebbero plasmato le dinamiche interne della politica genovese, competendo spesso per il potere ma anche rafforzando l'influenza complessiva del nome Spinola.<\/p>\n<p class=\"p1\">Durante il Medioevo, la famiglia Spinola fu profondamente coinvolta nel commercio, nella finanza e nell'espansione territoriale. Un esempio notevole \u00e8 l'acquisizione della citt\u00e0 di Lucca nel 1340 da parte di un membro della famiglia Spinola per la considerevole somma di 30.000 fiorini, dimostrando sia le loro immense risorse finanziarie sia la loro ambizione di espandere la loro sfera d'influenza oltre Genova. La famiglia svolse anche un ruolo importante nell'amministrazione dei territori d'oltremare: nel 1453, Antonio Spinola fu nominato primo governatore genovese della Corsica, segnando un passo significativo nel controllo genovese sull'isola.<\/p>\n<p class=\"p1\">Oltre ai loro successi politici ed economici, la famiglia Spinola fu anche rinomata per la sua leadership militare e la sua influenza diplomatica. Forse il membro pi\u00f9 famoso della famiglia \u00e8 Ambrogio Spinola (1569-1630), un celebrato generale al servizio della Spagna, che comand\u00f2 truppe durante la Guerra degli Ottant'anni e ottenne notevoli vittorie, incluso il famoso Assedio di Breda. I suoi successi militari gli valsero un ampio riconoscimento in tutta Europa ed elevarono il prestigio della famiglia Spinola ben oltre l'Italia.<\/p>\n<p class=\"p1\">Filippo Spinola, Marchese di Sesto e Venafro (1559\u20131585), rafforz\u00f2 ulteriormente i legami nobiliari della famiglia attraverso il suo matrimonio con la Principessa Policena di Salerno. Da questa unione nacquero tre figli, che continuarono la stirpe e l'influenza della famiglia. Attraverso matrimoni strategici, cariche politiche e successi militari, la famiglia Spinola si assicur\u00f2 un'eredit\u00e0 duratura come una delle pi\u00f9 importanti case nobiliari non solo di Genova ma dell'Europa moderna.<\/p>\n<\/div><\/div><\/div><\/div><\/div><\/div><\/section>","protected":false},"excerpt":{"rendered":"<p class=\"p1\">Spinola \u00e8 il nome di una delle pi\u00f9 illustri famiglie nobili di Genova, storicamente appartenente all'aristocrazia regnante della citt\u00e0 e svolgente un ruolo significativo nella sua vita politica ed economica. Come una delle dinastie principali della Repubblica di Genova, la famiglia Spinola faceva parte del gruppo d'\u00e9lite delle case nobili che hanno plasmato la governance e l'influenza internazionale di questa importante potenza marittima. La loro prominenza si estese per secoli, contrassegnata da autorit\u00e0 politica, ricchezza derivante dal commercio e forti legami all'interno della nobilt\u00e0 europea.<\/p>\n<p class=\"p1\"><i>Conte<\/i> \u201cConte\u201d.\u201d<\/p>","protected":false},"featured_media":55779,"template":"","meta":{"_acf_changed":false,"yasr_overall_rating":0,"yasr_post_is_review":"","yasr_auto_insert_disabled":"","yasr_review_type":"","slim_seo":{"title":"Conte de Spinola - Acquista Titoli Nobiliari dal 1999","description":"Spinola \u00e8 il nome di una delle pi\u00f9 illustri famiglie nobili di Genova, appartenente storicamente all'aristocrazia dirigente della citt\u00e0 e che ebbe un ruolo significativo"}},"product_brand":[],"product_cat":[573],"product_tag":[],"class_list":{"0":"post-61547","1":"product","2":"type-product","3":"status-publish","4":"has-post-thumbnail","6":"product_cat-italian-noble-titles","8":"first","9":"instock","10":"taxable","11":"shipping-taxable","12":"purchasable","13":"product-type-variable","14":"has-default-attributes"},"acf":[],"yasr_visitor_votes":{"stars_attributes":{"read_only":false,"span_bottom":false},"number_of_votes":0,"sum_votes":0},"_links":{"self":[{"href":"https:\/\/noble-society.net\/it\/wp-json\/wp\/v2\/product\/61547","targetHints":{"allow":["GET"]}}],"collection":[{"href":"https:\/\/noble-society.net\/it\/wp-json\/wp\/v2\/product"}],"about":[{"href":"https:\/\/noble-society.net\/it\/wp-json\/wp\/v2\/types\/product"}],"wp:featuredmedia":[{"embeddable":true,"href":"https:\/\/noble-society.net\/it\/wp-json\/wp\/v2\/media\/55779"}],"wp:attachment":[{"href":"https:\/\/noble-society.net\/it\/wp-json\/wp\/v2\/media?parent=61547"}],"wp:term":[{"taxonomy":"product_brand","embeddable":true,"href":"https:\/\/noble-society.net\/it\/wp-json\/wp\/v2\/product_brand?post=61547"},{"taxonomy":"product_cat","embeddable":true,"href":"https:\/\/noble-society.net\/it\/wp-json\/wp\/v2\/product_cat?post=61547"},{"taxonomy":"product_tag","embeddable":true,"href":"https:\/\/noble-society.net\/it\/wp-json\/wp\/v2\/product_tag?post=61547"}],"curies":[{"name":"wp","href":"https:\/\/api.w.org\/{rel}","templated":true}]}}