{"id":61548,"date":"2026-03-16T20:18:37","date_gmt":"2026-03-16T18:18:37","guid":{"rendered":"https:\/\/noble-society.net\/?post_type=product&#038;p=61548"},"modified":"2026-03-31T18:53:47","modified_gmt":"2026-03-31T15:53:47","slug":"duca-di-colonna","status":"publish","type":"product","link":"https:\/\/noble-society.net\/it\/buy-nobility-titles\/duca-de-colonna\/","title":{"rendered":"Duca de Colonna"},"content":{"rendered":"<section class=\"l-section wpb_row height_small\"><div class=\"l-section-h i-cf\"><div class=\"g-cols vc_row via_grid cols_1 laptops-cols_inherit tablets-cols_inherit mobiles-cols_1 valign_top type_default stacking_default\"><div class=\"wpb_column vc_column_container\"><div class=\"vc_column-inner\"><div class=\"wpb_text_column\"><div class=\"wpb_wrapper\"><p class=\"p1\">La famiglia Colonna discende dai conti di Tuscolo, che detennero il potere nella citt\u00e0 di Roma nel X e XI secolo e produssero otto papi. Il loro progenitore fu il Margravio Alberico I di Spoleto (*prima dell'889; \u2020 tra il 917 e il 925). Un certo Petrus de Columna (ca. 1078\u20131108) \u00e8 menzionato nel 1101 come figlio di Gregorio di Tuscolo (Gregorio II, \u2020 prima del 1064), nonch\u00e9 fratello di un Gregorio e di un Tolomeo; tuttavia, le esatte relazioni familiari non sono completamente chiarite.<\/p>\n<p class=\"p1\">Il nome <i>Colonna<\/i> deriva dalla citt\u00e0 di Colonna, situata sui Colli Albani vicino a Tusculum. Colonna e Palestrina furono confiscate da Papa Pasquale II, ma successivamente restituite al suddetto Petrus de Columna da Papa Onorio II.<\/p>\n<p class=\"p1\">Durante l'Alto e Tardo Medioevo, dall'XI al XVI secolo, la famiglia Colonna esercit\u00f2 una notevole influenza sugli affari dello Stato Pontificio e sulle elezioni papali. Questa influenza si basava sui loro numerosi castelli e vaste propriet\u00e0, in particolare sulla citt\u00e0 di Palestrina, nonch\u00e9 sulla loro ampia rete di clienti e sostenitori.<\/p>\n<\/div><\/div><\/div><\/div><\/div><\/div><\/section>","protected":false},"excerpt":{"rendered":"<p class=\"p1\">Il nome <i>Colonna<\/i> deriva dalla cittadina di Colonna, situata sui Colli Albani vicino a Tusculum. Questo luogo, situato non lontano dall'antico centro di Tusculum, ha dato il nome all'influente famiglia nobile e riflette le loro radici geografiche e storiche in questa regione d'Italia. Il legame con questa localit\u00e0 sottolinea la presenza e l'importanza di lunga data della famiglia nell'area circostante Roma.<\/p>\n<p class=\"p1\"><i>Duca<\/i> duca.<\/p>","protected":false},"featured_media":55737,"template":"","meta":{"_acf_changed":false,"yasr_overall_rating":0,"yasr_post_is_review":"","yasr_auto_insert_disabled":"","yasr_review_type":"","slim_seo":{"title":"Duca de Colonna - Buy Noble Titles Since 1999","description":"Il nome Colonna deriva dall'omonimo paese, situato nei Castelli Romani nei pressi di Tuscolo. Questo luogo, situato non lontano dall'antico centro di Tuscolo,"}},"product_brand":[],"product_cat":[573],"product_tag":[],"class_list":{"0":"post-61548","1":"product","2":"type-product","3":"status-publish","4":"has-post-thumbnail","6":"product_cat-italian-noble-titles","8":"first","9":"instock","10":"taxable","11":"shipping-taxable","12":"purchasable","13":"product-type-variable","14":"has-default-attributes"},"acf":[],"yasr_visitor_votes":{"stars_attributes":{"read_only":false,"span_bottom":false},"number_of_votes":0,"sum_votes":0},"_links":{"self":[{"href":"https:\/\/noble-society.net\/it\/wp-json\/wp\/v2\/product\/61548","targetHints":{"allow":["GET"]}}],"collection":[{"href":"https:\/\/noble-society.net\/it\/wp-json\/wp\/v2\/product"}],"about":[{"href":"https:\/\/noble-society.net\/it\/wp-json\/wp\/v2\/types\/product"}],"wp:featuredmedia":[{"embeddable":true,"href":"https:\/\/noble-society.net\/it\/wp-json\/wp\/v2\/media\/55737"}],"wp:attachment":[{"href":"https:\/\/noble-society.net\/it\/wp-json\/wp\/v2\/media?parent=61548"}],"wp:term":[{"taxonomy":"product_brand","embeddable":true,"href":"https:\/\/noble-society.net\/it\/wp-json\/wp\/v2\/product_brand?post=61548"},{"taxonomy":"product_cat","embeddable":true,"href":"https:\/\/noble-society.net\/it\/wp-json\/wp\/v2\/product_cat?post=61548"},{"taxonomy":"product_tag","embeddable":true,"href":"https:\/\/noble-society.net\/it\/wp-json\/wp\/v2\/product_tag?post=61548"}],"curies":[{"name":"wp","href":"https:\/\/api.w.org\/{rel}","templated":true}]}}