{"id":61549,"date":"2026-03-16T20:18:37","date_gmt":"2026-03-16T18:18:37","guid":{"rendered":"https:\/\/noble-society.net\/?post_type=product&#038;p=61549"},"modified":"2026-03-31T19:05:39","modified_gmt":"2026-03-31T16:05:39","slug":"principe-de-visconti","status":"publish","type":"product","link":"https:\/\/noble-society.net\/it\/buy-nobility-titles\/principe-de-visconti\/","title":{"rendered":"Principe Visconte"},"content":{"rendered":"<section class=\"l-section wpb_row height_small\"><div class=\"l-section-h i-cf\"><div class=\"g-cols vc_row via_grid cols_1 laptops-cols_inherit tablets-cols_inherit mobiles-cols_1 valign_top type_default stacking_default\"><div class=\"wpb_column vc_column_container\"><div class=\"vc_column-inner\"><div class=\"wpb_text_column\"><div class=\"wpb_wrapper\"><p class=\"p1\">I Visconti sono il nome di una delle pi\u00f9 importanti e influenti famiglie nobili d'Italia, che ha plasmato il destino di Milano e di gran parte della Lombardia nel corso di diversi secoli. La famiglia rivendicava una prestigiosa discendenza da Desiderio, l'ultimo re dei Longobardi, rafforzando cos\u00ec la propria pretesa al potere e conferendo al proprio dominio una profonda base storica.<\/p>\n<p class=\"p1\">Gi\u00e0 dall'XI secolo, i Visconti possedevano estese terre, particolarmente nelle regioni strategicamente importanti intorno al Lago di Como e al Lago Maggiore. Queste propriet\u00e0 formarono la base della loro forza economica e della loro ascesa politica. Attraverso matrimoni strategici, abilit\u00e0 diplomatica e potere militare, la famiglia espanse costantemente la propria influenza.<\/p>\n<p class=\"p1\">Una svolta decisiva giunse alla fine del XIII secolo: nel 1277 e di nuovo nel 1281, i Visconti, schierati con i Ghibellini, sconfissero la famiglia guelfa dei Della Torre, che aveva precedentemente controllato Milano. Dopo queste vittorie, i Visconti si affermarono come <i>Podest\u00e0<\/i> e pi\u00f9 tardi come <i>Signori<\/i> di Milano. Sebbene i della Torre riconquistarono brevemente il potere tra il 1302 e il 1311, i Visconti assicurarono e consolidarono infine il loro dominio.<\/p>\n<p class=\"p1\">Sotto la guida dei Visconti, Milano si svilupp\u00f2 in una delle citt\u00e0 pi\u00f9 potenti e prospere d'Europa. Una figura chiave fu Gian Galeazzo Visconti, che nel 1395 fu ufficialmente elevato a Duca di Milano dal re Venceslao. Con questo titolo, la famiglia raggiunse l'apice del suo potere, governando come duchi su un vasto territorio che comprendeva gran parte dell'Italia settentrionale.<\/p>\n<p class=\"p1\">Il dominio dei Visconti non fu segnato solo dall'espansione militare ma anche dal progresso culturale ed economico. Durante il loro regno furono avviati significativi progetti architettonici, tra cui spicca la costruzione del Duomo di Milano, iniziata sotto Gian Galeazzo. La famiglia promosse anche l'arte, l'architettura e l'amministrazione, contribuendo notevolmente allo sviluppo di Milano come centro culturale.<\/p>\n<p class=\"p1\">Con la morte di Filippo Maria Visconti nel 1447, si estinse la linea maschile del ramo regnante. Poich\u00e9 non lasci\u00f2 eredi maschi legittimi, il Ducato di Milano pass\u00f2 al genero Francesco Sforza, che era entrato nella famiglia Visconti per matrimonio. Questo segn\u00f2 l'inizio della dinastia Sforza, che govern\u00f2 Milano fino al 1535 e continu\u00f2 molte delle strutture e dei successi stabiliti dai Visconti.<\/p>\n<p class=\"p1\">Nonostante la fine del loro dominio diretto, il nome Visconti rimase per secoli un simbolo di potere, influenza politica e importanza culturale in Italia. La loro storia \u00e8 indissolubilmente legata all'ascesa di Milano come una delle citt\u00e0 pi\u00f9 importanti d'Europa.<\/p>\n<\/div><\/div><\/div><\/div><\/div><\/div><\/section>","protected":false},"excerpt":{"rendered":"<p class=\"p1\">I Visconti sono il nome di una delle famiglie nobili pi\u00f9 importanti e influenti d'Italia, che ha plasmato il destino di Milano e di gran parte della Lombardia per diversi secoli. La famiglia rivendicava una prestigiosa discendenza da Desiderio, l'ultimo re dei Longobardi.<\/p>","protected":false},"featured_media":55780,"template":"","meta":{"_acf_changed":false,"yasr_overall_rating":0,"yasr_post_is_review":"","yasr_auto_insert_disabled":"","yasr_review_type":"","slim_seo":{"title":"Principe de Visconti - Buy Noble Titles Since 1999","description":"I Visconti \u00e8 il nome di una delle famiglie nobili pi\u00f9 importanti e influenti d'Italia, che ha plasmato il destino di Milano e di gran parte della Lombardia nel corso di diversi"}},"product_brand":[],"product_cat":[573],"product_tag":[],"class_list":{"0":"post-61549","1":"product","2":"type-product","3":"status-publish","4":"has-post-thumbnail","6":"product_cat-italian-noble-titles","8":"first","9":"instock","10":"taxable","11":"shipping-taxable","12":"purchasable","13":"product-type-variable","14":"has-default-attributes"},"acf":[],"yasr_visitor_votes":{"stars_attributes":{"read_only":false,"span_bottom":false},"number_of_votes":0,"sum_votes":0},"_links":{"self":[{"href":"https:\/\/noble-society.net\/it\/wp-json\/wp\/v2\/product\/61549","targetHints":{"allow":["GET"]}}],"collection":[{"href":"https:\/\/noble-society.net\/it\/wp-json\/wp\/v2\/product"}],"about":[{"href":"https:\/\/noble-society.net\/it\/wp-json\/wp\/v2\/types\/product"}],"wp:featuredmedia":[{"embeddable":true,"href":"https:\/\/noble-society.net\/it\/wp-json\/wp\/v2\/media\/55780"}],"wp:attachment":[{"href":"https:\/\/noble-society.net\/it\/wp-json\/wp\/v2\/media?parent=61549"}],"wp:term":[{"taxonomy":"product_brand","embeddable":true,"href":"https:\/\/noble-society.net\/it\/wp-json\/wp\/v2\/product_brand?post=61549"},{"taxonomy":"product_cat","embeddable":true,"href":"https:\/\/noble-society.net\/it\/wp-json\/wp\/v2\/product_cat?post=61549"},{"taxonomy":"product_tag","embeddable":true,"href":"https:\/\/noble-society.net\/it\/wp-json\/wp\/v2\/product_tag?post=61549"}],"curies":[{"name":"wp","href":"https:\/\/api.w.org\/{rel}","templated":true}]}}