{"id":61551,"date":"2026-03-16T20:18:37","date_gmt":"2026-03-16T18:18:37","guid":{"rendered":"https:\/\/noble-society.net\/?post_type=product&#038;p=61551"},"modified":"2026-04-08T14:41:47","modified_gmt":"2026-04-08T11:41:47","slug":"pascia-di-safaga","status":"publish","type":"product","link":"https:\/\/noble-society.net\/it\/buy-nobility-titles\/pasha-of-safaga\/","title":{"rendered":"Pasci\u00e0 di Safaga"},"content":{"rendered":"<section class=\"l-section wpb_row height_small\"><div class=\"l-section-h i-cf\"><div class=\"g-cols vc_row via_grid cols_1 laptops-cols_inherit tablets-cols_inherit mobiles-cols_1 valign_top type_default stacking_default\"><div class=\"wpb_column vc_column_container\"><div class=\"vc_column-inner\"><div class=\"wpb_text_column\"><div class=\"wpb_wrapper\"><p class=\"p1\"><b>Diventa Pasci\u00e0 di Safaga<\/b><b><\/b><\/p>\n<p class=\"p3\">Safaga \u00e8 una citt\u00e0 portuale in Egitto sul Mar Rosso. Il porto dell'antico regno faraonico ha oltre 4.000 anni. Nel 2006, ricercatori delle Universit\u00e0 di Boston e Napoli hanno scoperto resti di corde e assi di legno utilizzati per caricare barche in cinque grotte a sud di Safaga, sul Mar Rosso. Hanno anche trovato frammenti di una scatola con l'iscrizione \u201cMeraviglie della terra di Punt\u201d, insieme al nome parzialmente conservato di Amenemhet III. L'autorit\u00e0 egiziana per le antichit\u00e0 al Cairo considera questa un'ulteriore prova che gli antichi Egizi commerciassero via mare con Punt durante il tempo dei faraoni.<\/p>\n<p class=\"p3\">A Safaga, possediamo un piccolo appezzamento di terreno in cui ti concediamo la compropriet\u00e0. Questo ti rende il \u201csignore\u201d della propriet\u00e0 e ti consente di portare il titolo <span class=\"s1\"><b>Pasha<\/b><\/span>.<\/p>\n<p class=\"p1\"><b>Riceverai:<\/b><b><\/b><\/p>\n<ul>\n<li>\n<p class=\"p1\"><span class=\"s1\">Titolo <\/span><b>Pasci\u00e0 di Safaga<\/b><b><\/b><\/p>\n<\/li>\n<li>\n<p class=\"p1\">Certificati di nomina dal design accattivante<\/p>\n<\/li>\n<li>\n<p class=\"p1\">Pieno diritto di utilizzare il tuo stemma personale (vedi immagine)<\/p>\n<\/li>\n<li>\n<p class=\"p1\">Informazioni complete sulla tua propriet\u00e0, il paese e il suo popolo<\/p>\n<\/li>\n<li>\n<p class=\"p1\">Tutto presentato in un'elegante cartellina regalo<\/p>\n<\/li>\n<\/ul>\n<p class=\"p3\">Vi chiediamo cortesemente la vostra comprensione del fatto che non esiste una forma femminile ufficiale del titolo \u201cPasha\u201d. Si dice che il nome \u201cPasha\u201d stesso significhi \u201cnato a Pasqua\u201d. La forma femminile del nome \u00e8 \u201cPasclina\u201d, che porta lo stesso significato. Siamo lieti di rilasciare un certificato con la forma femminile. <span class=\"s1\"><b>\u201cPasclina di Safaga,\u201d<\/b><\/span> sebbene non sia considerato un titolo formale.<\/p>\n<\/div><\/div><\/div><\/div><\/div><\/div><\/section>","protected":false},"excerpt":{"rendered":"<p class=\"p1\">Pasha era il titolo dei pi\u00f9 alti funzionari civili e dei leader militari in Egitto. Fino al 1867, al governatore veniva concesso il titolo di Pasci\u00e0. Diversi Bey prestavano servizio sotto di lui come governatori delle sottoprovinces. Come segno di rango, due o tre stendardi a coda di cavallo venivano portati davanti ai Pasci\u00e0.<\/p>","protected":false},"featured_media":55759,"template":"","meta":{"_acf_changed":false,"yasr_overall_rating":0,"yasr_post_is_review":"","yasr_auto_insert_disabled":"","yasr_review_type":"","slim_seo":{"title":"Pasha di Safaga - Acquista Titoli Nobiliari dal 1999","description":"Il Pasci\u00e0 era il titolo attribuito ai pi\u00f9 alti funzionari civili e ai comandanti militari in Egitto. Fino al 1867, il governatore riceveva il titolo di Pasci\u00e0. Diversi Bey"}},"product_brand":[],"product_cat":[575],"product_tag":[],"class_list":{"0":"post-61551","1":"product","2":"type-product","3":"status-publish","4":"has-post-thumbnail","6":"product_cat-egyptian-pasha-title","8":"first","9":"instock","10":"taxable","11":"shipping-taxable","12":"purchasable","13":"product-type-variable","14":"has-default-attributes"},"acf":[],"yasr_visitor_votes":{"stars_attributes":{"read_only":false,"span_bottom":false},"number_of_votes":0,"sum_votes":0},"_links":{"self":[{"href":"https:\/\/noble-society.net\/it\/wp-json\/wp\/v2\/product\/61551","targetHints":{"allow":["GET"]}}],"collection":[{"href":"https:\/\/noble-society.net\/it\/wp-json\/wp\/v2\/product"}],"about":[{"href":"https:\/\/noble-society.net\/it\/wp-json\/wp\/v2\/types\/product"}],"wp:featuredmedia":[{"embeddable":true,"href":"https:\/\/noble-society.net\/it\/wp-json\/wp\/v2\/media\/55759"}],"wp:attachment":[{"href":"https:\/\/noble-society.net\/it\/wp-json\/wp\/v2\/media?parent=61551"}],"wp:term":[{"taxonomy":"product_brand","embeddable":true,"href":"https:\/\/noble-society.net\/it\/wp-json\/wp\/v2\/product_brand?post=61551"},{"taxonomy":"product_cat","embeddable":true,"href":"https:\/\/noble-society.net\/it\/wp-json\/wp\/v2\/product_cat?post=61551"},{"taxonomy":"product_tag","embeddable":true,"href":"https:\/\/noble-society.net\/it\/wp-json\/wp\/v2\/product_tag?post=61551"}],"curies":[{"name":"wp","href":"https:\/\/api.w.org\/{rel}","templated":true}]}}