{"id":61552,"date":"2026-03-16T20:18:37","date_gmt":"2026-03-16T18:18:37","guid":{"rendered":"https:\/\/noble-society.net\/?post_type=product&#038;p=61552"},"modified":"2026-04-08T14:41:30","modified_gmt":"2026-04-08T11:41:30","slug":"conte-e-contessa-del-maniero-di-neuschwanstein","status":"publish","type":"product","link":"https:\/\/noble-society.net\/it\/buy-nobility-titles\/count-and-countess-of-neuschwanstein-manor\/","title":{"rendered":"Conti e Contesse del Maniero di Neuschwanstein"},"content":{"rendered":"<section class=\"l-section wpb_row height_small\"><div class=\"l-section-h i-cf\"><div class=\"g-cols vc_row via_grid cols_1 laptops-cols_inherit tablets-cols_inherit mobiles-cols_1 valign_top type_default stacking_default\"><div class=\"wpb_column vc_column_container\"><div class=\"vc_column-inner\"><div class=\"wpb_text_column\"><div class=\"wpb_wrapper\"><p class=\"p1\">Possediamo una tenuta nelle immediate vicinanze del castello di Neuschwanstein, nota come \u201cGut Neuschwanstein\u201d. Acquistando una quota di questa propriet\u00e0, diventi comproprietario e, pertanto, Conte o Contessa. A differenza dei titoli nobiliari tradizionali, che vengono concessi da un monarca e tramandati di generazione in generazione, questo titolo \u00e8 direttamente collegato alla propriet\u00e0 terriera. Viene automaticamente trasferito a qualsiasi nuovo (co)proprietario in caso di vendita o eredit\u00e0. Ci\u00f2 apre possibilit\u00e0 del tutto nuove per persone come te e noi, che non sono nate in ambienti aristocratici. \u00c8 sufficiente acquistare un appezzamento di terreno e diventare un \u201cConte\u201d o una \u201cContessa\u201d di Neuschwanstein. La parte migliore: la dimensione del terreno \u00e8 irrilevante. Possediamo un ettaro di terreno vicino al castello di Neuschwanstein e, acquistando una quota di questa tenuta, diventi comproprietario e, quindi, proprietario terriero.<\/p>\n<p class=\"p1\">A soli 20 miglia dal castello di Neuschwanstein, il castello delle fiabe famoso in tutto il mondo che ha ispirato Disney, si trova la tenuta \u201cGut Neuschwanstein\u201d. Circondato da alberi e un piccolo ruscello dall'acqua cristallina, il tuo angolo di terra diventa un luogo magico che ti trasforma in un Conte o una Contessa.<\/p>\n<p class=\"p1\">Ma il vero fiore all'occhiello \u00e8 per i vostri figli: diventano <span class=\"s1\"><b>Principe o Principessa di Neuschwanstein<\/b><\/span>\u2014proprio come in una vera favola. Immagina la loro eccitazione quando scoprono di far parte di una storia uscita da un castello Disney. Improvvisamente, non stanno pi\u00f9 solo giocando a fare principesse o principi: lo sono davvero <i>sono<\/i> uno.<\/p>\n<p class=\"p1\">Questo lo rende un regalo davvero indimenticabile per le famiglie. Che sia per un compleanno, un'occasione speciale, o semplicemente per creare ricordi magici, i tuoi figli adoreranno raccontare ai loro amici di essere un Principe o una Principessa di un vero castello, uno dei castelli pi\u00f9 famosi al mondo.<\/p>\n<p class=\"p1\">Un piccolo pezzo di terra, un vero titolo e un grande sogno realizzato per ogni bambino che abbia mai immaginato di vivere in una fiaba.<\/p>\n<p class=\"p1\">Riceverai un certificato splendidamente disegnato che conferma il tuo nuovo titolo, oltre a un certificato in omaggio per il tuo partner. Siete i benvenuti a visitare la propriet\u00e0 in Baviera e, ad esempio, utilizzarla per il campeggio. A breve distanza si trova il famosissimo Castello di Neuschwanstein: assicuratevi di includere una visita durante il vostro soggiorno!<\/p>\n<p><center><br \/>\n<iframe loading=\"lazy\" style=\"border: 0;\" src=\"https:\/\/www.google.com\/maps\/embed?pb=!1m18!1m12!1m3!1d2686.370419589306!2d10.415755716228443!3d47.67722579108867!2m3!1f0!2f0!3f0!3m2!1i1024!2i768!4f13.1!3m3!1m2!1s0x479c7dcc6a93df37%3A0x42e2baa007fd32f6!2sNeuschwanstein%20Manor!5e0!3m2!1sde!2sde!4v1639129659704!5m2!1sde!2sde\" width=\"600\" height=\"450\" allowfullscreen=\"allowfullscreen\"><\/iframe><\/center><\/p>\n<p class=\"p1\"><b>Cosa posso fare con il titolo di Conte?<\/b><b><\/b><\/p>\n<p class=\"p3\">Oltre alla grande sensazione di possedere un piccolo appezzamento di terra vicino al castello di Neuschwanstein, il tuo titolo ti porter\u00e0 un grande divertimento. Immagina quanto sar\u00e0 impressionante il certificato incorniciato sulla tua parete di casa, e quante occhiate ammirate attirer\u00e0. La gente ti chieder\u00e0 informazioni, e potrai orgogliosamente spiegare che possiedi un terreno vicino al castello di Neuschwanstein e detieni il titolo di Conte o Contessa. Ma il titolo non \u00e8 solo da esporre a casa: puoi usarlo anche quando prenoti un tavolo al ristorante o fai il check-in in hotel. Molti dei nostri clienti ci dicono che un tavolo diventa improvvisamente disponibile per la loro \u201cEccellenza\u201d, o che ricevono un upgrade gratuito in hotel. Ovunque tu ti presenti con il tuo titolo, sarai percepito in modo diverso. Ti divertirai molto con esso, e questo \u00e8 esattamente il punto.<\/p>\n<p class=\"p3\">Oltre alla tua quota di terra vicino a Neuschwanstein, riceverai un pacchetto completo che documenta il tuo nuovo titolo nobiliare.<\/p>\n<p class=\"p3\">Riceverai un certificato ufficiale di nomina che confermer\u00e0 il tuo status di Conte o Contessa. Questo documento attester\u00e0 la tua compropriet\u00e0 del terreno, nonch\u00e9 il tuo diritto a utilizzare il titolo in futuro. Poich\u00e9 il tuo nuovo titolo potrebbe includere anche la tua famiglia, forniamo gratuitamente un secondo certificato a nome del tuo partner. Anche i tuoi figli non vengono esclusi: con un piccolo supplemento potrai ottenere certificati per tutti i tuoi figli. Se desideri acquisire terra e titolo insieme ad amici, saremo lieti di rilasciare certificati a nomi diversi. In tal caso, condividerai il terreno con i tuoi amici, mentre ogni persona ricever\u00e0 il proprio certificato.<\/p>\n<p class=\"p3\">Gli attestati di nomina vengono consegnati in un'elegante cartellina che riporta lo stemma della Contea di Neuschwanstein. Inoltre, riceverete la nostra brochure accuratamente progettata \u201cContea di Neuschwanstein\u201d, contenente informazioni dettagliate sul vostro titolo e sulla propriet\u00e0. Poco dopo il vostro ordine, riceverete inoltre lo stemma reale di Neuschwanstein in formato PDF via e-mail, che potrete stampare e incorniciare a piacere.<\/p>\n<\/div><\/div><\/div><\/div><\/div><\/div><\/section>","protected":false},"excerpt":{"rendered":"<p class=\"p1\">A circa 20 miglia dal castello di Neuschwanstein, il castello da fiaba di fama mondiale che ha ispirato <strong>Disney<\/strong>\u2014si trova la tenuta \u201cGut Neuschwanstein.\u201d Circondato da alberi e da un piccolo ruscello dall\u2019acqua cristallina, il tuo pezzo di terra diventa un luogo magico che ti trasforma in un Conte o una Contessa.<\/p>\n<p class=\"p1\">Ma il vero fiore all'occhiello \u00e8 per i vostri figli: diventano <span class=\"s1\"><b>Principe o Principessa di Neuschwanstein<\/b><\/span>\u2014proprio come in una vera favola. Immagina la loro eccitazione quando scoprono di far parte di una storia uscita da un castello Disney. Improvvisamente, non stanno pi\u00f9 solo giocando a fare principesse o principi: lo sono davvero <i>sono<\/i> uno.<\/p>\n<p class=\"p1\">Un piccolo pezzo di terra, un vero titolo e un grande sogno realizzato per ogni bambino che abbia mai immaginato di vivere in una fiaba.<\/p>","protected":false},"featured_media":56114,"template":"","meta":{"_acf_changed":false,"yasr_overall_rating":0,"yasr_post_is_review":"","yasr_auto_insert_disabled":"","yasr_review_type":"","slim_seo":{"title":"Conte e Contessa del Castello di Neuschwanstein - Acquista Titoli Nobiliari dal 1999","description":"A soli 20 miglia dal castello di Neuschwanstein, il castello delle fiabe di fama mondiale che ha ispirato Disney, si trova la tenuta \u201cGut Neuschwanstein\u201d. Circondata da alberi"}},"product_brand":[],"product_cat":[576],"product_tag":[],"class_list":{"0":"post-61552","1":"product","2":"type-product","3":"status-publish","4":"has-post-thumbnail","6":"product_cat-neuschwanstein-manor","8":"first","9":"instock","10":"taxable","11":"shipping-taxable","12":"purchasable","13":"product-type-variable","14":"has-default-attributes"},"acf":[],"yasr_visitor_votes":{"stars_attributes":{"read_only":false,"span_bottom":false},"number_of_votes":0,"sum_votes":0},"_links":{"self":[{"href":"https:\/\/noble-society.net\/it\/wp-json\/wp\/v2\/product\/61552","targetHints":{"allow":["GET"]}}],"collection":[{"href":"https:\/\/noble-society.net\/it\/wp-json\/wp\/v2\/product"}],"about":[{"href":"https:\/\/noble-society.net\/it\/wp-json\/wp\/v2\/types\/product"}],"wp:featuredmedia":[{"embeddable":true,"href":"https:\/\/noble-society.net\/it\/wp-json\/wp\/v2\/media\/56114"}],"wp:attachment":[{"href":"https:\/\/noble-society.net\/it\/wp-json\/wp\/v2\/media?parent=61552"}],"wp:term":[{"taxonomy":"product_brand","embeddable":true,"href":"https:\/\/noble-society.net\/it\/wp-json\/wp\/v2\/product_brand?post=61552"},{"taxonomy":"product_cat","embeddable":true,"href":"https:\/\/noble-society.net\/it\/wp-json\/wp\/v2\/product_cat?post=61552"},{"taxonomy":"product_tag","embeddable":true,"href":"https:\/\/noble-society.net\/it\/wp-json\/wp\/v2\/product_tag?post=61552"}],"curies":[{"name":"wp","href":"https:\/\/api.w.org\/{rel}","templated":true}]}}