{"id":61553,"date":"2026-03-16T20:18:38","date_gmt":"2026-03-16T18:18:38","guid":{"rendered":"https:\/\/noble-society.net\/?post_type=product&#038;p=61553"},"modified":"2026-04-08T14:40:35","modified_gmt":"2026-04-08T11:40:35","slug":"shogun-kara-taishi","status":"publish","type":"product","link":"https:\/\/noble-society.net\/it\/buy-nobility-titles\/shogun-kara-taishi\/","title":{"rendered":"Shogun kara Taishi"},"content":{"rendered":"<section class=\"l-section wpb_row height_small\"><div class=\"l-section-h i-cf\"><div class=\"g-cols vc_row via_grid cols_1 laptops-cols_inherit tablets-cols_inherit mobiles-cols_1 valign_top type_default stacking_default\"><div class=\"wpb_column vc_column_container\"><div class=\"vc_column-inner\"><div class=\"wpb_text_column\"><div class=\"wpb_wrapper\"><p class=\"p1\"><b>Shogun<\/b><b><\/b><\/p>\n<p class=\"p3\"><i>Sh\u014dgun<\/i>\u2014tradotto approssimativamente come \u201cGrande Generale che sottomette i barbari\u201d o \u201cGeneralissimo\u201d\u2014era un titolo militare giapponese usato dal XII secolo fino al 1867 per i capi della nobilt\u00e0 guerriera, i samurai. Originariamente, uno sh\u014dgun era paragonabile a un duca europeo e veniva nominato solo temporaneamente in tempi di crisi, in particolare durante le campagne contro gli Emishi, con poteri speciali. Dopo la fine del periodo Heian, Minamoto no Yoritomo riusc\u00ec a ottenere che il titolo gli fosse concesso ereditariamente dall'imperatore nel 1192.<\/p>\n<p class=\"p3\">Il termine <i>shogunato<\/i> inizialmente si riferiva solo alla casa dello sh\u014dgun, ma in seguito anche al suo apparato amministrativo. In giapponese, si riferiva a se stesso come <i>conferenza<\/i> (letteralmente \u201caffari ufficiali\u201d, che significa \u201cgoverno centrale\u201d); dal XIX secolo in poi, fu sempre pi\u00f9 chiamato <i>shogunato<\/i> (letteralmente \u201cgoverno della tenda\u201d, che significa \u201cgoverno militare\u201d) per distinguerlo dalla corte imperiale, considerata via via sovrana. <i>shogunato<\/i> rimase l'autorit\u00e0 politica dominante in Giappone fino alla sua abolizione in seguito alla sconfitta dello shogunato Tokugawa nella guerra Boshin e alla successiva Restaurazione Meiji nel 1868, insieme all'esistente sistema di classi.<\/p>\n<p class=\"p1\"><b>Nobilt\u00e0 giapponese<\/b><b><\/b><\/p>\n<p class=\"p3\">Fino al V secolo d.C., la nobilt\u00e0 in Giappone era costituita da una libera associazione di clan che controllavano la terra. Nel VI secolo, l'autorit\u00e0 centrale imperiale del Tenn\u014d concesse titoli di stato ereditari a determinati capi clan, delegando e legittimando cos\u00ec ufficialmente il loro potere.<\/p>\n<p class=\"p3\">Nel VII secolo, con l'introduzione del sistema Ritsury\u014d, fortemente influenzato dalla Cina, la nobilt\u00e0 basata sulla nascita fu sempre pi\u00f9 sostituita dal merito amministrativo. Una legge approvata nel 701 sostitu\u00ec l'aristocrazia ereditaria con una nobilt\u00e0 di funzionari civili basata sul merito (<i>Kuge<\/i>. Sotto la loro guida, incentrata nella capitale Heian-ky\u014d (l'odierna Kyoto), gruppi di guerrieri provinciali e amministratori di feudi spodestarono gradualmente la nobilt\u00e0 civile dal potere intorno al 1200. Dopodich\u00e9, la cosiddetta \u201cnobilt\u00e0 della spada\u201d (<i>Buke<\/i>\u2014inclusi samurai, daimy\u014d e sh\u014dgun) dominarono il Giappone fino al 1868, mentre il Tenn\u014d mantenne principalmente ruoli religiosi, culturali e di legittimazione.<\/p>\n<p class=\"p3\">Nel 1884, durante la Restaurazione Meiji, la nobilt\u00e0 civile e la nobilt\u00e0 guerriera furono fuse in una aristocrazia unificata nota come <i>Famiglia<\/i>, e la classe dei samurai fu formalmente abolita. Per legge, il 7 luglio 1884, la nobilt\u00e0 venne organizzata in cinque gradi sul modello del sistema della paria britannica, sebbene venissero utilizzati titoli di stile cinese. A differenza della Cina, questi titoli venivano ereditati indefinitamente secondo il principio di primogenitura, il che significava che i figli pi\u00f9 giovani dei nobili titolati rimanevano senza titoli durante la loro vita, e persino l'erede non deteneva alcun titolo finch\u00e9 il padre era ancora in vita.<\/p>\n<p class=\"p3\">Dopo la Seconda Guerra Mondiale, la nobilt\u00e0 come istituzione fu abolita dalla Costituzione del 1946. Rimase solo la famiglia imperiale stessa.<\/p>\n<\/div><\/div><\/div><\/div><\/div><\/div><\/section>","protected":false},"excerpt":{"rendered":"<p class=\"p1\"><i>Sh\u014dgun<\/i>, che significa approssimativamente \u201cgrande generale\u201d, era un titolo militare giapponese usato dal XII secolo fino al 1867 per i leader della nobilt\u00e0 guerriera, i samurai. Il titolo indicava la massima autorit\u00e0 militare nel paese ed era strettamente associato al potere politico effettivo, poich\u00e9 lo sh\u014dgun governava di fatto il Giappone mentre l'imperatore rimaneva in gran parte una figura simbolica. Nel tempo, il ruolo dello sh\u014dgun si evolse da un comando militare temporaneo a una posizione ereditaria, plasmando la struttura politica del Giappone per secoli e definendo l'era del dominio dei samurai.<\/p>","protected":false},"featured_media":56188,"template":"","meta":{"_acf_changed":false,"yasr_overall_rating":0,"yasr_post_is_review":"","yasr_auto_insert_disabled":"","yasr_review_type":"","slim_seo":{"title":"Shogun kara Taishi - Acquista Titoli Nobiliari Dal 1999","description":"Sh\u014dgun, che significa approssimativamente \u201cgrande generale\u201d, era un titolo militare giapponese utilizzato dal XII secolo fino al 1867 per i leader della nobilt\u00e0 guerriera, i samurai."}},"product_brand":[],"product_cat":[577],"product_tag":[],"class_list":{"0":"post-61553","1":"product","2":"type-product","3":"status-publish","4":"has-post-thumbnail","6":"product_cat-japanese-noble-titles","8":"first","9":"instock","10":"taxable","11":"shipping-taxable","12":"purchasable","13":"product-type-variable","14":"has-default-attributes"},"acf":[],"yasr_visitor_votes":{"stars_attributes":{"read_only":false,"span_bottom":false},"number_of_votes":0,"sum_votes":0},"_links":{"self":[{"href":"https:\/\/noble-society.net\/it\/wp-json\/wp\/v2\/product\/61553","targetHints":{"allow":["GET"]}}],"collection":[{"href":"https:\/\/noble-society.net\/it\/wp-json\/wp\/v2\/product"}],"about":[{"href":"https:\/\/noble-society.net\/it\/wp-json\/wp\/v2\/types\/product"}],"wp:featuredmedia":[{"embeddable":true,"href":"https:\/\/noble-society.net\/it\/wp-json\/wp\/v2\/media\/56188"}],"wp:attachment":[{"href":"https:\/\/noble-society.net\/it\/wp-json\/wp\/v2\/media?parent=61553"}],"wp:term":[{"taxonomy":"product_brand","embeddable":true,"href":"https:\/\/noble-society.net\/it\/wp-json\/wp\/v2\/product_brand?post=61553"},{"taxonomy":"product_cat","embeddable":true,"href":"https:\/\/noble-society.net\/it\/wp-json\/wp\/v2\/product_cat?post=61553"},{"taxonomy":"product_tag","embeddable":true,"href":"https:\/\/noble-society.net\/it\/wp-json\/wp\/v2\/product_tag?post=61553"}],"curies":[{"name":"wp","href":"https:\/\/api.w.org\/{rel}","templated":true}]}}