{"id":61554,"date":"2026-03-16T20:18:38","date_gmt":"2026-03-16T18:18:38","guid":{"rendered":"https:\/\/noble-society.net\/?post_type=product&#038;p=61554"},"modified":"2026-04-08T14:40:15","modified_gmt":"2026-04-08T11:40:15","slug":"tianzi-cong-jinyang","status":"publish","type":"product","link":"https:\/\/noble-society.net\/it\/buy-nobility-titles\/tianzi-cong-jinyang\/","title":{"rendered":"Tianzi da Jinyang"},"content":{"rendered":"<section class=\"l-section wpb_row height_small\"><div class=\"l-section-h i-cf\"><div class=\"g-cols vc_row via_grid cols_1 laptops-cols_inherit tablets-cols_inherit mobiles-cols_1 valign_top type_default stacking_default\"><div class=\"wpb_column vc_column_container\"><div class=\"vc_column-inner\"><div class=\"wpb_text_column\"><div class=\"wpb_wrapper\"><p class=\"p1\"><b>Tianzi<\/b><b><\/b><\/p>\n<p class=\"p3\">Il titolo <i>Tianzi<\/i> letteralmente significa \u201cFiglio del Cielo\u201d ed era usato da molti sovrani della Cina, indipendentemente dal loro rango. Emerge per la prima volta durante la dinastia Zhou, il concetto si basa sul Mandato del Cielo, che non va confuso con l'idea europea di diritto divino, poich\u00e9 legittima il potere solo finch\u00e9 \u00e8 giusto e di successo. Come titolo di sovrano, <i>Tianzi<\/i> simboleggiava anche la rivendicazione di governare <i>Tianxia<\/i> (letteralmente \u201ctutto sotto il cielo\u201d), che significa il mondo intero.<\/p>\n<p class=\"p3\">J\u00ecny\u00e1ng fu fondata nel 497 a.C. e ha una storia di oltre 2.500 anni. Sotto il suo nome moderno, Taiyuan, \u00e8 ora la capitale della provincia di Shanxi nella Repubblica Popolare Cinese, situata a un'altitudine di 780 metri lungo il fiume Fen. Il complesso del Tempio Jinci a Taiyuan \u00e8 stato elencato come monumento culturale protetto della Cina dal 1961.<\/p>\n<p class=\"p1\"><b>Nobilt\u00e0 cinese<\/b><b><\/b><\/p>\n<p class=\"p3\">La nobilt\u00e0 della Cina imperiale sub\u00ec una trasformazione durata diversi millenni. Prima che in Europa si svilupparono un sistema feudale, una struttura amministrativa stabile e infine uno stato centralizzato, plasmando la cultura e la struttura sociale dell'impero. Nonostante i cambiamenti interni ed esterni, rimasero costanti caratteristiche chiave, come il patriarcato, la primogenitura in molti titoli e l'autorit\u00e0 centrale del sovrano supremo e della sua corte. Solo con l'abolizione del sistema imperiale il potere sociale della nobilt\u00e0 cinese venne spezzato.<\/p>\n<p class=\"p3\">Il sistema nobiliare cinese si svilupp\u00f2 nel primo millennio a.C. durante la dinastia Zhou. Confucio codific\u00f2 il sistema tradizionale nella sua opera sui Riti di Zhou poco dopo l'inizio dell'era comune, formando la base per i successivi ranghi nobiliari in Cina, anche se il sistema continu\u00f2 a evolversi nel tempo.<\/p>\n<p class=\"p1\"><b>Imperatore della Cina<\/b><b><\/b><\/p>\n<p class=\"p3\">Prima di Qin Shi Huang, i termini <i>Huang<\/i> (sovrano o regnante divino o eccelso) e <i>Di<\/i> (re dei o imperatori ancestrali) venivano usati. Entrambi possono essere tradotti in modi diversi ma riflettono la riverenza per un essere semidivino o sovrumano. Qin Shi Huang attinse a questi concetti mitologici esistenti, derivati dai leggendari Tre Augusti e Cinque Imperatori, quando introdusse il titolo <i>Huangdi<\/i> nel 221 a.C. dopo aver sconfitto tutti i re rivali (<i>Wang<\/i>. Questo esprimeva la sua pretesa di essere un sovrano pi\u00f9 grande di tutti i precedenti. L'aggiunta di <i>Shi<\/i> In latino \u201cPrimum\u201d indicava la sua posizione di primo imperatore. L'elemento <i>Di<\/i> simboleggiava anche il suo legame con il concetto divino di <i>Shangdi<\/i>. Il titolo <i>Huangdi<\/i> non deve essere confuso con l'Imperatore Giallo.<\/p>\n<p class=\"p3\">Dopo la dinastia Qin, tutti i sovrani che rivendicavano autorit\u00e0 su tutta la Cina portavano il titolo <i>Huangdi<\/i> fino all'abdicazione di Puyi nel 1912. Le dinastie fondate da sovrani stranieri, come la dinastia Yuan mongola, utilizzarono il titolo accanto alle proprie tradizioni. Come in Europa \u2013 dove potevano esistere papi rivali contemporaneamente \u2013 non era raro che pi\u00f9 <i>Huangdi<\/i> per rivendicare il titolo contemporaneamente.<\/p>\n<p class=\"p3\">Nella traduzione occidentale, <i>Huangdi<\/i> \u00e8 solitamente reso come \u201cImperatore della Cina\u201d, mentre il suo significato letterale pu\u00f2 essere descritto come \u201cdivino sovrano esaltato\u201d.\u201d<\/p>\n<\/div><\/div><\/div><\/div><\/div><\/div><\/section>","protected":false},"excerpt":{"rendered":"<p class=\"p1\">Il titolo <i>Tianzi<\/i> significa letteralmente \u201cFiglio del Cielo\u201d ed era utilizzato da molti sovrani di Cina, indipendentemente dal loro rango. Il termine riflette un concetto cosmologico profondamente radicato nel pensiero cinese, che enfatizza la connessione divina tra il sovrano e il cielo. Come \u201cFiglio del Cielo\u201d, il sovrano era visto come il mediatore tra il cielo e la terra, responsabile del mantenimento dell'armonia e dell'ordine all'interno del regno. Questo titolo non era limitato a uno specifico rango, ma piuttosto significava un'autorit\u00e0 suprema e una legittimit\u00e0 conferite attraverso il Mandato del Cielo.<\/p>","protected":false},"featured_media":56187,"template":"","meta":{"_acf_changed":false,"yasr_overall_rating":0,"yasr_post_is_review":"","yasr_auto_insert_disabled":"","yasr_review_type":"","slim_seo":{"title":"Tianzi c\u00f3ng J\u00ecny\u00e1ng - Acquire Nobiliare Dal 1999","description":"Il titolo Tianzi significa letteralmente \u201cFiglio del Cielo\u201d ed era usato da molti sovrani regnanti della Cina, indipendentemente dal loro rango. Il termine riflette una cosmologia profondamente radicata"}},"product_brand":[],"product_cat":[578],"product_tag":[],"class_list":{"0":"post-61554","1":"product","2":"type-product","3":"status-publish","4":"has-post-thumbnail","6":"product_cat-chinese-noble-titles","8":"first","9":"instock","10":"taxable","11":"shipping-taxable","12":"purchasable","13":"product-type-variable","14":"has-default-attributes"},"acf":[],"yasr_visitor_votes":{"stars_attributes":{"read_only":false,"span_bottom":false},"number_of_votes":0,"sum_votes":0},"_links":{"self":[{"href":"https:\/\/noble-society.net\/it\/wp-json\/wp\/v2\/product\/61554","targetHints":{"allow":["GET"]}}],"collection":[{"href":"https:\/\/noble-society.net\/it\/wp-json\/wp\/v2\/product"}],"about":[{"href":"https:\/\/noble-society.net\/it\/wp-json\/wp\/v2\/types\/product"}],"wp:featuredmedia":[{"embeddable":true,"href":"https:\/\/noble-society.net\/it\/wp-json\/wp\/v2\/media\/56187"}],"wp:attachment":[{"href":"https:\/\/noble-society.net\/it\/wp-json\/wp\/v2\/media?parent=61554"}],"wp:term":[{"taxonomy":"product_brand","embeddable":true,"href":"https:\/\/noble-society.net\/it\/wp-json\/wp\/v2\/product_brand?post=61554"},{"taxonomy":"product_cat","embeddable":true,"href":"https:\/\/noble-society.net\/it\/wp-json\/wp\/v2\/product_cat?post=61554"},{"taxonomy":"product_tag","embeddable":true,"href":"https:\/\/noble-society.net\/it\/wp-json\/wp\/v2\/product_tag?post=61554"}],"curies":[{"name":"wp","href":"https:\/\/api.w.org\/{rel}","templated":true}]}}