{"id":61555,"date":"2026-03-16T20:18:38","date_gmt":"2026-03-16T18:18:38","guid":{"rendered":"https:\/\/noble-society.net\/?post_type=product&#038;p=61555"},"modified":"2026-04-08T14:39:53","modified_gmt":"2026-04-08T11:39:53","slug":"piantagione-di-caffe-e-signore-di-embu","status":"publish","type":"product","link":"https:\/\/noble-society.net\/it\/buy-nobility-titles\/coffee-plantation-and-lord-of-embu\/","title":{"rendered":"Piantagione di caff\u00e8 e Lord of Embu"},"content":{"rendered":"<section class=\"l-section wpb_row height_small\"><div class=\"l-section-h i-cf\"><div class=\"g-cols vc_row via_grid cols_1 laptops-cols_inherit tablets-cols_inherit mobiles-cols_1 valign_top type_default stacking_default\"><div class=\"wpb_column vc_column_container\"><div class=\"vc_column-inner\"><div class=\"wpb_text_column\"><div class=\"wpb_wrapper\"><h2 class=\"p1\">Diventa un Lord o una Lady di una piantagione di caff\u00e8 in Kenya.<\/h2>\n<p class=\"p1\">A circa 30 chilometri a nord di Nairobi, la capitale del Kenya, abbiamo acquisito un appezzamento di terreno nella contea di Nakuru. I residenti locali coltivano caff\u00e8 su questo terreno e sono autorizzati a conservare e vendere il raccolto da soli. Forniamo ai contadini tutti gli strumenti, l'acqua e i trasporti necessari. Questa piantagione di caff\u00e8 \u00e8 finanziata tramite il tuo acquisto di una quota di compropriet\u00e0. Diventando comproprietario, sarai titolare <span class=\"s1\"><b>\u201cSignore o Signora di Nakuru.\u201d<\/b><\/span> Il Kenya fa parte del Commonwealth britannico, motivo per cui in questo contesto vengono utilizzati anche titoli nobiliari anglicizzati.<\/p>\n<p class=\"p1\">Oltre alla piantagione di caff\u00e8, abbiamo acquisito anche un terreno a Embu (circa 120 chilometri a nord-est di Nairobi, verso il Monte Kenya). L\u00ec abbiamo costruito un pozzo e i residenti del villaggio vicino sono liberi di coltivare ci\u00f2 di cui hanno bisogno su questo terreno. Questo include principalmente verdure e varie erbe aromatiche. L'orto comunitario \u00e8 parzialmente finanziato dai proventi della piantagione di caff\u00e8.<\/p>\n<p class=\"p1\">Con il tuo ordine riceverai:<\/p>\n<ul>\n<li>\n<p class=\"p1\">Titolo nobiliare <span class=\"s1\"><b>Signore \/ Signora di Embu<\/b><\/span> (liberamente selezionabile)<\/p>\n<\/li>\n<li>\n<p class=\"p1\">Certificati di appuntamento e di propriet\u00e0 dal design accattivante<\/p>\n<\/li>\n<li>\n<p class=\"p1\">Pieno diritto di utilizzare il tuo stemma personale (vedi immagine)<\/p>\n<\/li>\n<li>\n<p class=\"p1\">Informazioni complete sul progetto, sul terreno e sulle persone<\/p>\n<\/li>\n<li>\n<p class=\"p1\">Nessun costo ricorrente: con il tuo pagamento diventi comproprietario della piantagione di caff\u00e8<\/p>\n<\/li>\n<\/ul>\n<p>&nbsp;<\/p>\n<figure id=\"attachment_55751\" aria-describedby=\"caption-attachment-55751\" style=\"width: 1152px\" class=\"wp-caption alignnone\"><a href=\"https:\/\/www.google.com\/maps?q=-0.9536052,36.5306993&amp;z=17&amp;hl=de\"><img loading=\"lazy\" decoding=\"async\" class=\"size-full wp-image-55751\" src=\"https:\/\/noble-society.net\/wp-content\/uploads\/2021\/10\/kenya-plantage_lage.jpg\" alt=\"\" width=\"1152\" height=\"933\" srcset=\"https:\/\/noble-society.net\/wp-content\/uploads\/2021\/10\/kenya-plantage_lage.jpg 1152w, https:\/\/noble-society.net\/wp-content\/uploads\/2021\/10\/kenya-plantage_lage-600x486.jpg 600w, https:\/\/noble-society.net\/wp-content\/uploads\/2021\/10\/kenya-plantage_lage-300x243.jpg 300w, https:\/\/noble-society.net\/wp-content\/uploads\/2021\/10\/kenya-plantage_lage-1024x829.jpg 1024w, https:\/\/noble-society.net\/wp-content\/uploads\/2021\/10\/kenya-plantage_lage-768x622.jpg 768w, https:\/\/noble-society.net\/wp-content\/uploads\/2021\/10\/kenya-plantage_lage-15x12.jpg 15w, https:\/\/noble-society.net\/wp-content\/uploads\/2021\/10\/kenya-plantage_lage-465x377.jpg 465w, https:\/\/noble-society.net\/wp-content\/uploads\/2021\/10\/kenya-plantage_lage-617x500.jpg 617w, https:\/\/noble-society.net\/wp-content\/uploads\/2021\/10\/kenya-plantage_lage-100x81.jpg 100w, https:\/\/noble-society.net\/wp-content\/uploads\/2021\/10\/kenya-plantage_lage-30x24.jpg 30w, https:\/\/noble-society.net\/wp-content\/uploads\/2021\/10\/kenya-plantage_lage-494x400.jpg 494w, https:\/\/noble-society.net\/wp-content\/uploads\/2021\/10\/kenya-plantage_lage-60x49.jpg 60w\" sizes=\"auto, (max-width: 1152px) 100vw, 1152px\" \/><\/a><figcaption id=\"caption-attachment-55751\" class=\"wp-caption-text\"><strong>Fai clic sulla mappa per visualizzare la piantagione di caff\u00e8 su Google Maps.<\/strong><\/figcaption><\/figure>\n<\/div><\/div><\/div><\/div><\/div><\/div><\/section>","protected":false},"excerpt":{"rendered":"<div id=\"content\" class=\"site-content\">\n<div id=\"primary\" class=\"content-area\">\n<p class=\"p1\">Diventi comproprietario della nostra piantagione di caff\u00e8 e quindi Lord o Lady di Embu, inclusi caff\u00e8 annuale dalla tua piantagione.<\/p>\n<\/div>\n<\/div>\n<footer id=\"colophon\" class=\"site-footer\" role=\"contentinfo\">\n<div class=\"wrap\">\n<aside class=\"widget-area\" role=\"complementary\" aria-label=\"Pi\u00e8 di pagina\">\n<div class=\"widget-column footer-widget-1\"><\/div>\n<\/aside>\n<\/div>\n<\/footer>","protected":false},"featured_media":55742,"template":"","meta":{"_acf_changed":false,"yasr_overall_rating":0,"yasr_post_is_review":"","yasr_auto_insert_disabled":"","yasr_review_type":"","slim_seo":{"title":"Piantagione di caff\u00e8 e Lord of Embu - Acquista Nobili Titoli dal 1999","description":"Diventi comproprietario della nostra piantagione di caff\u00e8 e quindi Lord o Lady di Embu, inclusi caff\u00e8 annuale dalla tua piantagione."}},"product_brand":[],"product_cat":[574],"product_tag":[],"class_list":{"0":"post-61555","1":"product","2":"type-product","3":"status-publish","4":"has-post-thumbnail","6":"product_cat-kenyan-title-coffee-plantation","8":"first","9":"instock","10":"taxable","11":"shipping-taxable","12":"purchasable","13":"product-type-variable","14":"has-default-attributes"},"acf":[],"yasr_visitor_votes":{"stars_attributes":{"read_only":false,"span_bottom":false},"number_of_votes":0,"sum_votes":0},"_links":{"self":[{"href":"https:\/\/noble-society.net\/it\/wp-json\/wp\/v2\/product\/61555","targetHints":{"allow":["GET"]}}],"collection":[{"href":"https:\/\/noble-society.net\/it\/wp-json\/wp\/v2\/product"}],"about":[{"href":"https:\/\/noble-society.net\/it\/wp-json\/wp\/v2\/types\/product"}],"wp:featuredmedia":[{"embeddable":true,"href":"https:\/\/noble-society.net\/it\/wp-json\/wp\/v2\/media\/55742"}],"wp:attachment":[{"href":"https:\/\/noble-society.net\/it\/wp-json\/wp\/v2\/media?parent=61555"}],"wp:term":[{"taxonomy":"product_brand","embeddable":true,"href":"https:\/\/noble-society.net\/it\/wp-json\/wp\/v2\/product_brand?post=61555"},{"taxonomy":"product_cat","embeddable":true,"href":"https:\/\/noble-society.net\/it\/wp-json\/wp\/v2\/product_cat?post=61555"},{"taxonomy":"product_tag","embeddable":true,"href":"https:\/\/noble-society.net\/it\/wp-json\/wp\/v2\/product_tag?post=61555"}],"curies":[{"name":"wp","href":"https:\/\/api.w.org\/{rel}","templated":true}]}}